{"id":5155,"date":"2023-02-18T04:37:36","date_gmt":"2023-02-18T04:37:36","guid":{"rendered":"https:\/\/esthetique-k.com\/?page_id=5155"},"modified":"2026-02-04T18:53:35","modified_gmt":"2026-02-04T18:53:35","slug":"lipblush","status":"publish","type":"page","link":"https:\/\/esthetique-k.com\/en\/lipblush\/","title":{"rendered":"Beaut\u00e9 des pieds et mains"},"content":{"rendered":"<div data-elementor-type=\"wp-page\" data-elementor-id=\"5155\" class=\"elementor elementor-5155\">\n\t\t\t\t\t\t<section class=\"elementor-section elementor-top-section elementor-element elementor-element-ec3a352 elementor-section-full_width elementor-section-stretched elementor-section-height-default elementor-section-height-default\" data-id=\"ec3a352\" data-element_type=\"section\" data-settings=\"{&quot;stretch_section&quot;:&quot;section-stretched&quot;}\">\n\t\t\t\t\t\t<div class=\"elementor-container elementor-column-gap-default\">\n\t\t\t\t\t<div class=\"elementor-column elementor-col-50 elementor-top-column elementor-element elementor-element-92a9901\" data-id=\"92a9901\" data-element_type=\"column\">\n\t\t\t<div class=\"elementor-widget-wrap elementor-element-populated\">\n\t\t\t\t\t\t<div class=\"elementor-element elementor-element-dc94786 elementor-widget elementor-widget-image\" data-id=\"dc94786\" data-element_type=\"widget\" data-widget_type=\"image.default\">\n\t\t\t\t<div class=\"elementor-widget-container\">\n\t\t\t\t\t\t\t\t\t\t\t\t\t\t\t<img fetchpriority=\"high\" decoding=\"async\" width=\"750\" height=\"500\" src=\"data:image\/svg+xml,%20%3Csvg%20viewBox%3D%220%200%20750%20500%22%20xmlns%3D%22http%3A%2F%2Fwww.w3.org%2F2000%2Fsvg%22%3E%3C%2Fsvg%3E\" data-src=\"https:\/\/i0.wp.com\/esthetique-k.com\/wp-content\/uploads\/2026\/02\/ChatGPT-Image-4-fevr.-2026-13_40_19.png?fit=750%2C500&amp;ssl=1\" class=\"lazyload attachment-large size-large wp-image-8863\" alt=\"\" srcset=\"\" data-srcset=\"https:\/\/i0.wp.com\/esthetique-k.com\/wp-content\/uploads\/2026\/02\/ChatGPT-Image-4-fevr.-2026-13_40_19.png?w=1536&amp;ssl=1 1536w, https:\/\/i0.wp.com\/esthetique-k.com\/wp-content\/uploads\/2026\/02\/ChatGPT-Image-4-fevr.-2026-13_40_19.png?resize=300%2C200&amp;ssl=1 300w, https:\/\/i0.wp.com\/esthetique-k.com\/wp-content\/uploads\/2026\/02\/ChatGPT-Image-4-fevr.-2026-13_40_19.png?resize=1024%2C683&amp;ssl=1 1024w, https:\/\/i0.wp.com\/esthetique-k.com\/wp-content\/uploads\/2026\/02\/ChatGPT-Image-4-fevr.-2026-13_40_19.png?resize=768%2C512&amp;ssl=1 768w, https:\/\/i0.wp.com\/esthetique-k.com\/wp-content\/uploads\/2026\/02\/ChatGPT-Image-4-fevr.-2026-13_40_19.png?resize=18%2C12&amp;ssl=1 18w, https:\/\/i0.wp.com\/esthetique-k.com\/wp-content\/uploads\/2026\/02\/ChatGPT-Image-4-fevr.-2026-13_40_19.png?resize=255%2C170&amp;ssl=1 255w, https:\/\/i0.wp.com\/esthetique-k.com\/wp-content\/uploads\/2026\/02\/ChatGPT-Image-4-fevr.-2026-13_40_19.png?resize=1000%2C667&amp;ssl=1 1000w, https:\/\/i0.wp.com\/esthetique-k.com\/wp-content\/uploads\/2026\/02\/ChatGPT-Image-4-fevr.-2026-13_40_19.png?resize=150%2C100&amp;ssl=1 150w\" sizes=\"(max-width: 750px) 100vw, 750px\" \/>\t\t\t\t\t\t\t\t\t\t\t\t\t\t\t<\/div>\n\t\t\t\t<\/div>\n\t\t\t\t<div class=\"elementor-element elementor-element-dec165e elementor-widget elementor-widget-image\" data-id=\"dec165e\" data-element_type=\"widget\" data-widget_type=\"image.default\">\n\t\t\t\t<div class=\"elementor-widget-container\">\n\t\t\t\t\t\t\t\t\t\t\t\t\t\t\t<img decoding=\"async\" width=\"750\" height=\"500\" src=\"data:image\/svg+xml,%20%3Csvg%20viewBox%3D%220%200%20750%20500%22%20xmlns%3D%22http%3A%2F%2Fwww.w3.org%2F2000%2Fsvg%22%3E%3C%2Fsvg%3E\" data-src=\"https:\/\/i0.wp.com\/esthetique-k.com\/wp-content\/uploads\/2026\/02\/main-manicure.png?fit=750%2C500&amp;ssl=1\" class=\"lazyload attachment-medium_large size-medium_large wp-image-8862\" alt=\"\" srcset=\"\" data-srcset=\"https:\/\/i0.wp.com\/esthetique-k.com\/wp-content\/uploads\/2026\/02\/main-manicure.png?w=900&amp;ssl=1 900w, https:\/\/i0.wp.com\/esthetique-k.com\/wp-content\/uploads\/2026\/02\/main-manicure.png?resize=300%2C200&amp;ssl=1 300w, https:\/\/i0.wp.com\/esthetique-k.com\/wp-content\/uploads\/2026\/02\/main-manicure.png?resize=768%2C512&amp;ssl=1 768w, https:\/\/i0.wp.com\/esthetique-k.com\/wp-content\/uploads\/2026\/02\/main-manicure.png?resize=18%2C12&amp;ssl=1 18w, https:\/\/i0.wp.com\/esthetique-k.com\/wp-content\/uploads\/2026\/02\/main-manicure.png?resize=255%2C170&amp;ssl=1 255w, https:\/\/i0.wp.com\/esthetique-k.com\/wp-content\/uploads\/2026\/02\/main-manicure.png?resize=150%2C100&amp;ssl=1 150w\" sizes=\"(max-width: 750px) 100vw, 750px\" \/>\t\t\t\t\t\t\t\t\t\t\t\t\t\t\t<\/div>\n\t\t\t\t<\/div>\n\t\t\t\t\t<\/div>\n\t\t<\/div>\n\t\t\t\t<div class=\"elementor-column elementor-col-50 elementor-top-column elementor-element elementor-element-76a7956\" data-id=\"76a7956\" data-element_type=\"column\">\n\t\t\t<div class=\"elementor-widget-wrap elementor-element-populated\">\n\t\t\t\t\t\t<div class=\"elementor-element elementor-element-29daead elementor-widget elementor-widget-heading\" data-id=\"29daead\" data-element_type=\"widget\" data-widget_type=\"heading.default\">\n\t\t\t\t<div class=\"elementor-widget-container\">\n\t\t\t\t\t<h2 class=\"elementor-heading-title elementor-size-default\">Beaut\u00e9 des pieds    extra paraffine  15$ <\/h2>\t\t\t\t<\/div>\n\t\t\t\t<\/div>\n\t\t\t\t<div class=\"elementor-element elementor-element-453653a elementor-widget elementor-widget-text-editor\" data-id=\"453653a\" data-element_type=\"widget\" data-widget_type=\"text-editor.default\">\n\t\t\t\t<div class=\"elementor-widget-container\">\n\t\t\t\t\t\t\t\t\t<p data-start=\"171\" data-end=\"230\">Offrez \u00e0 vos pieds un soin complet et relaxant incluant :<\/p><ul data-start=\"231\" data-end=\"556\"><li data-start=\"231\" data-end=\"274\"><p data-start=\"233\" data-end=\"274\">Bain de pieds aromatique et exfoliation<\/p><\/li><li data-start=\"275\" data-end=\"324\"><p data-start=\"277\" data-end=\"324\">Coupe\/limage des ongles et soin des cuticules<\/p><\/li><li data-start=\"325\" data-end=\"367\"><p data-start=\"327\" data-end=\"367\">R\u00e9duction des callosit\u00e9s et peau s\u00e8che<\/p><\/li><li data-start=\"368\" data-end=\"448\"><p data-start=\"370\" data-end=\"448\"><strong data-start=\"370\" data-end=\"409\">Enveloppement au masque nourrissant<\/strong> <em data-start=\"410\" data-end=\"414\">ou<\/em> <strong data-start=\"415\" data-end=\"446\">bain de paraffine hydratant<\/strong><\/p><\/li><li data-start=\"449\" data-end=\"484\"><p data-start=\"451\" data-end=\"484\">Massage d\u00e9tente pieds &amp; mollets<\/p><\/li><li data-start=\"485\" data-end=\"530\"><p data-start=\"487\" data-end=\"530\">Application de <strong data-start=\"502\" data-end=\"516\">vernis gel<\/strong> (si d\u00e9sir\u00e9)<\/p><\/li><li data-start=\"531\" data-end=\"556\"><p data-start=\"533\" data-end=\"556\"><strong data-start=\"533\" data-end=\"551\">Tisane offerte<\/strong> \u2615\ufe0f<\/p><\/li><\/ul><p data-start=\"558\" data-end=\"624\"><strong data-start=\"558\" data-end=\"569\">\u00a0 \u00a0 Dur\u00e9e :<\/strong> 1h30<br data-start=\"574\" data-end=\"577\" \/><strong data-start=\"577\" data-end=\"589\">\u00a0 \u00a0 Tarifs :<\/strong> 59 $\u00a0<\/p><p data-start=\"626\" data-end=\"745\">\u2728 <strong data-start=\"628\" data-end=\"656\">Option combo cocooning :<\/strong> Ajoutez le <strong data-start=\"668\" data-end=\"693\">facial de votre choix<\/strong> et obtenez <strong data-start=\"705\" data-end=\"723\">10 % de rabais<\/strong> sur la combinaison.<\/p><p data-start=\"626\" data-end=\"745\"><strong data-start=\"1781\" data-end=\"1812\">\u00a0 \ud83d\udca1 Important : pour votre s\u00e9curit\u00e9, ce soin est d\u00e9conseill\u00e9 si vous pr\u00e9sentez des l\u00e9sions cutan\u00e9es, une infection fongique non trait\u00e9e ou un ongle incarn\u00e9 s\u00e9v\u00e8re. N\u2019h\u00e9sitez pas \u00e0 nous demander conseil avant de r\u00e9server.<\/strong><\/p><p data-start=\"626\" data-end=\"745\">\u00a0<\/p>\t\t\t\t\t\t\t\t<\/div>\n\t\t\t\t<\/div>\n\t\t\t\t<div class=\"elementor-element elementor-element-dfaab0d elementor-widget__width-initial elementor-widget elementor-widget-heading\" data-id=\"dfaab0d\" data-element_type=\"widget\" data-widget_type=\"heading.default\">\n\t\t\t\t<div class=\"elementor-widget-container\">\n\t\t\t\t\t<h2 class=\"elementor-heading-title elementor-size-default\">Beaut\u00e9 des  mains   extra paraffine  15$ <\/h2>\t\t\t\t<\/div>\n\t\t\t\t<\/div>\n\t\t\t\t<div class=\"elementor-element elementor-element-db89c71 elementor-widget__width-initial elementor-widget elementor-widget-text-editor\" data-id=\"db89c71\" data-element_type=\"widget\" data-widget_type=\"text-editor.default\">\n\t\t\t\t<div class=\"elementor-widget-container\">\n\t\t\t\t\t\t\t\t\t<p data-start=\"285\" data-end=\"322\">\u00a0<\/p><p data-start=\"285\" data-end=\"322\"><strong data-start=\"285\" data-end=\"300\">\u00a0 Dur\u00e9e : 1h30<\/strong><\/p><p data-start=\"285\" data-end=\"322\"><strong data-start=\"285\" data-end=\"300\">\u00a0 \u00a0Prix 45 $<\/strong><br data-start=\"300\" data-end=\"303\" \/><em data-start=\"303\" data-end=\"322\">\u00a0 Vernis gel inclus<\/em><\/p><p data-start=\"324\" data-end=\"405\">\u00a0 Offrez \u00e0 vos mains un soin complet pour une apparence soign\u00e9e, douce et \u00e9l\u00e9gante.<\/p><h3 data-start=\"407\" data-end=\"429\">\u00a0 \u00a0 \u00a0 \u00a0Ce soin comprend :<\/h3><ul data-start=\"430\" data-end=\"607\"><li data-start=\"430\" data-end=\"453\"><p data-start=\"432\" data-end=\"453\">Nettoyage des mains<\/p><\/li><li data-start=\"454\" data-end=\"494\"><p data-start=\"456\" data-end=\"494\"><strong data-start=\"456\" data-end=\"492\">Enl\u00e8vement complet des cuticules<\/strong><\/p><\/li><li data-start=\"495\" data-end=\"536\"><p data-start=\"497\" data-end=\"536\">Exfoliation douce pour lisser la peau<\/p><\/li><li data-start=\"537\" data-end=\"568\"><p data-start=\"539\" data-end=\"568\">Massage hydratant des mains<\/p><\/li><li data-start=\"569\" data-end=\"607\"><p data-start=\"571\" data-end=\"607\"><strong data-start=\"571\" data-end=\"607\">Application de vernis gel inclus<\/strong><\/p><\/li><\/ul><p data-start=\"609\" data-end=\"669\">\u2728 <strong data-start=\"611\" data-end=\"628\">Rabais de 5 $<\/strong> si la cliente apporte son propre vernis.<\/p>\t\t\t\t\t\t\t\t<\/div>\n\t\t\t\t<\/div>\n\t\t\t\t<div class=\"elementor-element elementor-element-f772e01 elementor-widget elementor-widget-button\" data-id=\"f772e01\" data-element_type=\"widget\" data-widget_type=\"button.default\">\n\t\t\t\t<div class=\"elementor-widget-container\">\n\t\t\t\t\t\t\t\t\t<div class=\"elementor-button-wrapper\">\n\t\t\t\t\t<a class=\"elementor-button elementor-button-link elementor-size-md\" href=\"https:\/\/www.gorendezvous.com\/karinabeautecom?companyId=131194\" target=\"_blank\" rel=\"noopener\">\n\t\t\t\t\t\t<span class=\"elementor-button-content-wrapper\">\n\t\t\t\t\t\t\t\t\t<span class=\"elementor-button-text\">MAKE AN APPOINTMENT<\/span>\n\t\t\t\t\t<\/span>\n\t\t\t\t\t<\/a>\n\t\t\t\t<\/div>\n\t\t\t\t\t\t\t\t<\/div>\n\t\t\t\t<\/div>\n\t\t\t\t\t<\/div>\n\t\t<\/div>\n\t\t\t\t\t<\/div>\n\t\t<\/section>\n\t\t\t\t<\/div>","protected":false},"excerpt":{"rendered":"<p>Beaut\u00e9 des pieds extra paraffine 15$ Offrez \u00e0 vos pieds un soin complet et relaxant incluant : Bain&#8230;<\/p>","protected":false},"author":1,"featured_media":0,"parent":0,"menu_order":0,"comment_status":"closed","ping_status":"closed","template":"elementor_header_footer","meta":{"footnotes":""},"class_list":["post-5155","page","type-page","status-publish","hentry"],"jetpack_sharing_enabled":true,"_links":{"self":[{"href":"https:\/\/esthetique-k.com\/en\/wp-json\/wp\/v2\/pages\/5155","targetHints":{"allow":["GET"]}}],"collection":[{"href":"https:\/\/esthetique-k.com\/en\/wp-json\/wp\/v2\/pages"}],"about":[{"href":"https:\/\/esthetique-k.com\/en\/wp-json\/wp\/v2\/types\/page"}],"author":[{"embeddable":true,"href":"https:\/\/esthetique-k.com\/en\/wp-json\/wp\/v2\/users\/1"}],"replies":[{"embeddable":true,"href":"https:\/\/esthetique-k.com\/en\/wp-json\/wp\/v2\/comments?post=5155"}],"version-history":[{"count":23,"href":"https:\/\/esthetique-k.com\/en\/wp-json\/wp\/v2\/pages\/5155\/revisions"}],"predecessor-version":[{"id":8878,"href":"https:\/\/esthetique-k.com\/en\/wp-json\/wp\/v2\/pages\/5155\/revisions\/8878"}],"wp:attachment":[{"href":"https:\/\/esthetique-k.com\/en\/wp-json\/wp\/v2\/media?parent=5155"}],"curies":[{"name":"wp","href":"https:\/\/api.w.org\/{rel}","templated":true}]}}