{"id":5724,"date":"2023-03-11T19:49:27","date_gmt":"2023-03-11T19:49:27","guid":{"rendered":"https:\/\/esthetique-k.com\/?page_id=5724"},"modified":"2025-08-30T02:49:30","modified_gmt":"2025-08-30T02:49:30","slug":"microdermabrasion","status":"publish","type":"page","link":"https:\/\/esthetique-k.com\/en\/microdermabrasion\/","title":{"rendered":"Microdermabrasion"},"content":{"rendered":"<div data-elementor-type=\"wp-page\" data-elementor-id=\"5724\" class=\"elementor elementor-5724\">\n\t\t\t\t\t\t<section class=\"elementor-section elementor-top-section elementor-element elementor-element-ee1127e elementor-section-boxed elementor-section-height-default elementor-section-height-default\" data-id=\"ee1127e\" data-element_type=\"section\">\n\t\t\t\t\t\t<div class=\"elementor-container elementor-column-gap-default\">\n\t\t\t\t\t<div class=\"elementor-column elementor-col-50 elementor-top-column elementor-element elementor-element-27973fa\" data-id=\"27973fa\" data-element_type=\"column\">\n\t\t\t<div class=\"elementor-widget-wrap elementor-element-populated\">\n\t\t\t\t\t\t<div class=\"elementor-element elementor-element-07273fb elementor-widget elementor-widget-image\" data-id=\"07273fb\" data-element_type=\"widget\" data-widget_type=\"image.default\">\n\t\t\t\t<div class=\"elementor-widget-container\">\n\t\t\t\t\t\t\t\t\t\t\t\t\t\t\t<img fetchpriority=\"high\" decoding=\"async\" width=\"750\" height=\"750\" src=\"data:image\/gif;base64,R0lGODlhAQABAAAAACH5BAEKAAEALAAAAAABAAEAAAICTAEAOw==\" data-src=\"https:\/\/i0.wp.com\/esthetique-k.com\/wp-content\/uploads\/2025\/08\/MicroPageIMAGE.jpg?fit=750%2C750&amp;ssl=1\" class=\"lazyload attachment-large size-large wp-image-8597\" alt=\"\" srcset=\"\" data-srcset=\"https:\/\/i0.wp.com\/esthetique-k.com\/wp-content\/uploads\/2025\/08\/MicroPageIMAGE.jpg?w=1200&amp;ssl=1 1200w, https:\/\/i0.wp.com\/esthetique-k.com\/wp-content\/uploads\/2025\/08\/MicroPageIMAGE.jpg?resize=300%2C300&amp;ssl=1 300w, https:\/\/i0.wp.com\/esthetique-k.com\/wp-content\/uploads\/2025\/08\/MicroPageIMAGE.jpg?resize=1024%2C1024&amp;ssl=1 1024w, https:\/\/i0.wp.com\/esthetique-k.com\/wp-content\/uploads\/2025\/08\/MicroPageIMAGE.jpg?resize=150%2C150&amp;ssl=1 150w, https:\/\/i0.wp.com\/esthetique-k.com\/wp-content\/uploads\/2025\/08\/MicroPageIMAGE.jpg?resize=768%2C768&amp;ssl=1 768w, https:\/\/i0.wp.com\/esthetique-k.com\/wp-content\/uploads\/2025\/08\/MicroPageIMAGE.jpg?resize=12%2C12&amp;ssl=1 12w, https:\/\/i0.wp.com\/esthetique-k.com\/wp-content\/uploads\/2025\/08\/MicroPageIMAGE.jpg?resize=255%2C255&amp;ssl=1 255w, https:\/\/i0.wp.com\/esthetique-k.com\/wp-content\/uploads\/2025\/08\/MicroPageIMAGE.jpg?resize=600%2C600&amp;ssl=1 600w, https:\/\/i0.wp.com\/esthetique-k.com\/wp-content\/uploads\/2025\/08\/MicroPageIMAGE.jpg?resize=1000%2C1000&amp;ssl=1 1000w\" sizes=\"(max-width: 750px) 100vw, 750px\" \/>\t\t\t\t\t\t\t\t\t\t\t\t\t\t\t<\/div>\n\t\t\t\t<\/div>\n\t\t\t\t\t<\/div>\n\t\t<\/div>\n\t\t\t\t<div class=\"elementor-column elementor-col-50 elementor-top-column elementor-element elementor-element-18731e4\" data-id=\"18731e4\" data-element_type=\"column\">\n\t\t\t<div class=\"elementor-widget-wrap elementor-element-populated\">\n\t\t\t\t\t\t<div class=\"elementor-element elementor-element-283d86b elementor-widget elementor-widget-heading\" data-id=\"283d86b\" data-element_type=\"widget\" data-widget_type=\"heading.default\">\n\t\t\t\t<div class=\"elementor-widget-container\">\n\t\t\t\t\t<h2 class=\"elementor-heading-title elementor-size-default\">Soin Microdermabrasion <\/h2>\t\t\t\t<\/div>\n\t\t\t\t<\/div>\n\t\t\t\t<div class=\"elementor-element elementor-element-064ff0f elementor-widget elementor-widget-text-editor\" data-id=\"064ff0f\" data-element_type=\"widget\" data-widget_type=\"text-editor.default\">\n\t\t\t\t<div class=\"elementor-widget-container\">\n\t\t\t\t\t\t\t\t\t<h3 data-start=\"696\" data-end=\"776\">Microdermabrasion personnalis\u00e9e \u2013 Deux technologies au service de votre peau<\/h3><p data-start=\"778\" data-end=\"945\">Dans notre institut, nous proposons deux types de microdermabrasion, r\u00e9alis\u00e9es avec <strong data-start=\"862\" data-end=\"892\">deux appareils sp\u00e9cifiques<\/strong>, pour s\u2019adapter parfaitement \u00e0 chaque type de peau :<\/p><p data-start=\"947\" data-end=\"1202\">\ud83d\udd39 <strong data-start=\"950\" data-end=\"983\">Microdermabrasion au corindon<\/strong> :<br data-start=\"985\" data-end=\"988\" \/>Cette technique utilise des microcristaux projet\u00e9s \u00e0 haute vitesse pour exfolier en profondeur. Elle est id\u00e9ale pour les peaux \u00e9paisses, les irr\u00e9gularit\u00e9s cutan\u00e9es, les cicatrices d\u2019acn\u00e9 ou les taches pigmentaires.<\/p><p data-start=\"1204\" data-end=\"1457\">\ud83d\udd39 <strong data-start=\"1207\" data-end=\"1239\">Microdermabrasion au diamant<\/strong> :<br data-start=\"1241\" data-end=\"1244\" \/>Plus douce et plus pr\u00e9cise, elle convient parfaitement aux peaux sensibles, fines ou r\u00e9actives. Gr\u00e2ce \u00e0 une t\u00eate abrasive en diamant, elle polit d\u00e9licatement la peau tout en stimulant le renouvellement cellulaire.<\/p><p data-start=\"1459\" data-end=\"1662\">\ud83d\udca1 <strong data-start=\"1462\" data-end=\"1554\">Chaque soin est adapt\u00e9 selon votre type de peau, vos objectifs et les besoins du moment.<\/strong> Nous choisissons la technologie la plus appropri\u00e9e pour garantir des r\u00e9sultats visibles, en toute s\u00e9curit\u00e9.<\/p><h3 data-start=\"79\" data-end=\"101\">\ud83d\udd52 Dur\u00e9e : 1 heure<\/h3><p data-start=\"103\" data-end=\"234\">Le soin inclut :<br data-start=\"119\" data-end=\"122\" \/>Nettoyage \u2013 Extraction l\u00e9g\u00e8re \u2013 Microdermabrasion (corindon ou diamant) \u2013 Masque \u2013 S\u00e9rum \u2013 Cr\u00e8me de fin de soin.<\/p><p data-start=\"1459\" data-end=\"1662\">\u00a0<\/p>\t\t\t\t\t\t\t\t<\/div>\n\t\t\t\t<\/div>\n\t\t\t\t<div class=\"elementor-element elementor-element-eae516e elementor-widget elementor-widget-ucaddon_price_list\" data-id=\"eae516e\" data-element_type=\"widget\" data-widget_type=\"ucaddon_price_list.default\">\n\t\t\t\t<div class=\"elementor-widget-container\">\n\t\t\t\t\t\n<!-- start Price List -->\n<style>\/* widget: Price List *\/\n\n\n\n#uc_price_list_elementor_eae516e  *{\n\tbox-sizing:border-box;\n}\n\n#uc_price_list_elementor_eae516e li\n{\n  list-style:none;\n}\n\n#uc_price_list_elementor_eae516e .menu-list\n{\n  padding: 0px;\n  display:grid;\n}\n\n#uc_price_list_elementor_eae516e .menu-img{\n\tflex-grow:0;\n    flex-shrink:0;\n    display:flex;\n    overflow:hidden;\n}\n\n#uc_price_list_elementor_eae516e .menu-img img\n{\n  width:100%;\n  display:block;\n  transition:0.3s;\n}\n\n\n\t\n\n\n#uc_price_list_elementor_eae516e .ue_price_list_item{\n\tdisplay: flex;\n    overflow:hidden;\n   \n}\n\n#uc_price_list_elementor_eae516e .menu-items:last-child\n{\n  border-bottom:none;\n}\n\n\n#uc_price_list_elementor_eae516e .menu-wrappertitle{\n\tdisplay: flex;\n\talign-items:center;\n\t\n}\n\n#uc_price_list_elementor_eae516e .menu-wrapperall{\n\tflex-grow:1;\n\n}\n\n\n\n\n#uc_price_list_elementor_eae516e .menu-text-separator{\n\t\n\talign-self: center;\n    flex-grow:1;\n}\n\n#uc_price_list_elementor_eae516e .ue_price_list_seperator\n{\n\tborder-top-width: 0;\n\tborder-right-width: 0;\n\tborder-left-width: 0;\n}\n\n#uc_price_list_elementor_eae516e .menu-text {\n}\n\n#uc_price_list_elementor_eae516e .menu-price{\n\t\n\tflex-grow:0;\n    flex-shrink:0;\n    display: flex;\n    justify-content: center;\n    align-content: center;\n    flex-direction: column;\n}\n\n\n#uc_price_list_elementor_eae516e .menu-title{\n}\n\n\n#uc_price_list_elementor_eae516e .menu-wrapperall\n{\n  display:flex;\n  width:100%;\n}\n\n#uc_price_list_elementor_eae516e .menu-wrappermidlle\n{\n  width:100%;\n}\n\n\n#uc_price_list_elementor_eae516e .ue_price_list_image_spacing\n{\n   flex-grow:0;\n    flex-shrink:0;\n}\n\n#uc_price_list_elementor_eae516e li.menu-items:last-child .ue_price_list_item_seperator\n{\n  display:none;\n}\n\n#uc_price_list_elementor_eae516e .ue_price_list_badge\n{\n  display:inline-block;\n}\n\n.ue_price_list_badge\n{\n  font-size:10px;\n}\n\n#uc_price_list_elementor_eae516e a\n{\n  text-decoration:none;\n}\n\n#uc_price_list_elementor_eae516e .menu-price-spacing\n{\n  flex-grow:0;\n    flex-shrink:0;\n}\n\n\n\t@media only screen and (max-width: 600px) {\n  #uc_price_list_elementor_eae516e .ue_price_list_item\n      {\n        flex-direction:column;\n      }\n      }  \n\n\n<\/style>\n\n<div id=\"uc_price_list_elementor_eae516e\" class=\"\" >\n\t<ul class=\"menu-list uc-items-wrapper\">\n\t\t<li class=\"menu-items\"> \n    <div class=\"ue_price_list_item\">\n  \t\n\t\t\t\n\n\t\t\t\n\t\t<div class=\"menu-wrapperall\">\n\t\t\t<div class=\"menu-wrappermidlle\">\n                \n              \t\t\t\t<div class=\"menu-wrappertitle\"> \n\t\t\t\t<div class=\"menu-title\"> 1 session <\/div>\n                  <div class=\"menu-text-separator\">\n                    <div class=\"ue_price_list_seperator\"><\/div>                  <\/div>\n\t\t\t\t  <div class=\"menu-price-spacing\"><\/div><div class=\"menu-price\">99$<\/div>\t\t\t<\/div>\n              \n              \n\t\t\t<div class=\"menu-text\">  <\/div>\n\t\t\t<\/div>\n            \n            \t\t<\/div>\n  <\/div>\n    \n<\/li>\n<li class=\"menu-items\"> \n    <div class=\"ue_price_list_item\">\n  \t\n\t\t\t\n\n\t\t\t\n\t\t<div class=\"menu-wrapperall\">\n\t\t\t<div class=\"menu-wrappermidlle\">\n                \n              \t\t\t\t<div class=\"menu-wrappertitle\"> \n\t\t\t\t<div class=\"menu-title\"> Cure 3-4 s\u00e9ances <\/div>\n                  <div class=\"menu-text-separator\">\n                    <div class=\"ue_price_list_seperator\"><\/div>                  <\/div>\n\t\t\t\t  <div class=\"menu-price-spacing\"><\/div><div class=\"menu-price\">390$<\/div>\t\t\t<\/div>\n              \n              \n\t\t\t<div class=\"menu-text\">  <\/div>\n\t\t\t<\/div>\n            \n            \t\t<\/div>\n  <\/div>\n    \n<\/li>\n\n    <\/ul>\n<\/div>\n<!-- end Price List -->\t\t\t\t<\/div>\n\t\t\t\t<\/div>\n\t\t\t\t<div class=\"elementor-element elementor-element-1a6eef2 elementor-widget elementor-widget-button\" data-id=\"1a6eef2\" data-element_type=\"widget\" data-widget_type=\"button.default\">\n\t\t\t\t<div class=\"elementor-widget-container\">\n\t\t\t\t\t\t\t\t\t<div class=\"elementor-button-wrapper\">\n\t\t\t\t\t<a class=\"elementor-button elementor-button-link elementor-size-sm\" href=\"https:\/\/www.gorendezvous.com\/clinique-ek?fbclid=PAQ0xDSwK5S75leHRuA2FlbQIxMQABp3VhZRqsRRCWe8iUGiMkHVv9iEyhGptkwUeW98i9n_u_y4lymEcVBRZ9SrFj_aem_wNJqAvbF87czLjPuU0lGYA\" target=\"_blank\" rel=\"noopener\">\n\t\t\t\t\t\t<span class=\"elementor-button-content-wrapper\">\n\t\t\t\t\t\t\t\t\t<span class=\"elementor-button-text\">MAKE AN APPOINTMENT<\/span>\n\t\t\t\t\t<\/span>\n\t\t\t\t\t<\/a>\n\t\t\t\t<\/div>\n\t\t\t\t\t\t\t\t<\/div>\n\t\t\t\t<\/div>\n\t\t\t\t\t<\/div>\n\t\t<\/div>\n\t\t\t\t\t<\/div>\n\t\t<\/section>\n\t\t\t\t<section class=\"elementor-section elementor-top-section elementor-element elementor-element-000f748 elementor-section-boxed elementor-section-height-default elementor-section-height-default\" data-id=\"000f748\" data-element_type=\"section\">\n\t\t\t\t\t\t<div class=\"elementor-container elementor-column-gap-default\">\n\t\t\t\t\t<div class=\"elementor-column elementor-col-100 elementor-top-column elementor-element elementor-element-4a8fbfb\" data-id=\"4a8fbfb\" data-element_type=\"column\">\n\t\t\t<div class=\"elementor-widget-wrap\">\n\t\t\t\t\t\t\t<\/div>\n\t\t<\/div>\n\t\t\t\t\t<\/div>\n\t\t<\/section>\n\t\t\t\t<\/div>","protected":false},"excerpt":{"rendered":"<p>Soin Microdermabrasion Microdermabrasion personnalis\u00e9e \u2013 Deux technologies au service de votre peau Dans notre institut, nous proposons deux&#8230;<\/p>","protected":false},"author":1,"featured_media":0,"parent":0,"menu_order":0,"comment_status":"closed","ping_status":"closed","template":"elementor_header_footer","meta":{"footnotes":""},"class_list":["post-5724","page","type-page","status-publish","hentry"],"jetpack_sharing_enabled":true,"_links":{"self":[{"href":"https:\/\/esthetique-k.com\/en\/wp-json\/wp\/v2\/pages\/5724","targetHints":{"allow":["GET"]}}],"collection":[{"href":"https:\/\/esthetique-k.com\/en\/wp-json\/wp\/v2\/pages"}],"about":[{"href":"https:\/\/esthetique-k.com\/en\/wp-json\/wp\/v2\/types\/page"}],"author":[{"embeddable":true,"href":"https:\/\/esthetique-k.com\/en\/wp-json\/wp\/v2\/users\/1"}],"replies":[{"embeddable":true,"href":"https:\/\/esthetique-k.com\/en\/wp-json\/wp\/v2\/comments?post=5724"}],"version-history":[{"count":12,"href":"https:\/\/esthetique-k.com\/en\/wp-json\/wp\/v2\/pages\/5724\/revisions"}],"predecessor-version":[{"id":8600,"href":"https:\/\/esthetique-k.com\/en\/wp-json\/wp\/v2\/pages\/5724\/revisions\/8600"}],"wp:attachment":[{"href":"https:\/\/esthetique-k.com\/en\/wp-json\/wp\/v2\/media?parent=5724"}],"curies":[{"name":"wp","href":"https:\/\/api.w.org\/{rel}","templated":true}]}}