{"id":6545,"date":"2023-09-20T14:47:53","date_gmt":"2023-09-20T14:47:53","guid":{"rendered":"https:\/\/esthetique-k.com\/?page_id=6545"},"modified":"2026-04-17T01:46:23","modified_gmt":"2026-04-17T01:46:23","slug":"microneedling","status":"publish","type":"page","link":"https:\/\/esthetique-k.com\/en\/microneedling\/","title":{"rendered":"Microneedling"},"content":{"rendered":"<div data-elementor-type=\"wp-page\" data-elementor-id=\"6545\" class=\"elementor elementor-6545\">\n\t\t\t\t\t\t<section class=\"elementor-section elementor-top-section elementor-element elementor-element-ee1127e elementor-section-boxed elementor-section-height-default elementor-section-height-default\" data-id=\"ee1127e\" data-element_type=\"section\">\n\t\t\t\t\t\t<div class=\"elementor-container elementor-column-gap-default\">\n\t\t\t\t\t<div class=\"elementor-column elementor-col-50 elementor-top-column elementor-element elementor-element-27973fa\" data-id=\"27973fa\" data-element_type=\"column\">\n\t\t\t<div class=\"elementor-widget-wrap elementor-element-populated\">\n\t\t\t\t\t\t<div class=\"elementor-element elementor-element-41afc77 elementor-widget elementor-widget-heading\" data-id=\"41afc77\" data-element_type=\"widget\" data-widget_type=\"heading.default\">\n\t\t\t\t<div class=\"elementor-widget-container\">\n\t\t\t\t\t<h2 class=\"elementor-heading-title elementor-size-default\">Boostez l'\u00e9clat de votre peau en profondeur . Des soins personnalis\u00e9s pour chaque type de peau<\/h2>\t\t\t\t<\/div>\n\t\t\t\t<\/div>\n\t\t\t\t<div class=\"elementor-element elementor-element-07273fb elementor-widget elementor-widget-image\" data-id=\"07273fb\" data-element_type=\"widget\" data-widget_type=\"image.default\">\n\t\t\t\t<div class=\"elementor-widget-container\">\n\t\t\t\t\t\t\t\t\t\t\t\t\t\t\t<img fetchpriority=\"high\" decoding=\"async\" width=\"750\" height=\"505\" src=\"data:image\/svg+xml,%20%3Csvg%20viewBox%3D%220%200%20750%20505%22%20xmlns%3D%22http%3A%2F%2Fwww.w3.org%2F2000%2Fsvg%22%3E%3C%2Fsvg%3E\" data-src=\"https:\/\/i0.wp.com\/esthetique-k.com\/wp-content\/uploads\/2025\/08\/innopen.jpg?fit=750%2C505&amp;ssl=1\" class=\"lazyload attachment-large size-large wp-image-8601\" alt=\"soins facial avanc\u00e9\" srcset=\"\" data-srcset=\"https:\/\/i0.wp.com\/esthetique-k.com\/wp-content\/uploads\/2025\/08\/innopen.jpg?w=1000&amp;ssl=1 1000w, https:\/\/i0.wp.com\/esthetique-k.com\/wp-content\/uploads\/2025\/08\/innopen.jpg?resize=300%2C202&amp;ssl=1 300w, https:\/\/i0.wp.com\/esthetique-k.com\/wp-content\/uploads\/2025\/08\/innopen.jpg?resize=768%2C517&amp;ssl=1 768w, https:\/\/i0.wp.com\/esthetique-k.com\/wp-content\/uploads\/2025\/08\/innopen.jpg?resize=18%2C12&amp;ssl=1 18w, https:\/\/i0.wp.com\/esthetique-k.com\/wp-content\/uploads\/2025\/08\/innopen.jpg?resize=255%2C172&amp;ssl=1 255w, https:\/\/i0.wp.com\/esthetique-k.com\/wp-content\/uploads\/2025\/08\/innopen.jpg?resize=150%2C101&amp;ssl=1 150w\" sizes=\"(max-width: 750px) 100vw, 750px\" \/>\t\t\t\t\t\t\t\t\t\t\t\t\t\t\t<\/div>\n\t\t\t\t<\/div>\n\t\t\t\t<div class=\"elementor-element elementor-element-283d86b elementor-widget elementor-widget-heading\" data-id=\"283d86b\" data-element_type=\"widget\" data-widget_type=\"heading.default\">\n\t\t\t\t<div class=\"elementor-widget-container\">\n\t\t\t\t\t<h2 class=\"elementor-heading-title elementor-size-default\">Soin de m\u00e9soth\u00e9rapie ( Microneedling)  <\/h2>\t\t\t\t<\/div>\n\t\t\t\t<\/div>\n\t\t\t\t<div class=\"elementor-element elementor-element-064ff0f elementor-widget elementor-widget-text-editor\" data-id=\"064ff0f\" data-element_type=\"widget\" data-widget_type=\"text-editor.default\">\n\t\t\t\t<div class=\"elementor-widget-container\">\n\t\t\t\t\t\t\t\t\t<h3 data-start=\"274\" data-end=\"311\">\ud83d\udca1 Note importante :<br \/>La fiole de 3,5 ml correspond \u00e0 une zone compl\u00e8te. Pour un visage, lorsque la fiole n\u2019est pas enti\u00e8rement utilis\u00e9e, nous pouvons descendre jusqu\u2019au cou afin d\u2019optimiser le traitement et d\u2019utiliser la fiole au complet.<\/h3><p data-start=\"312\" data-end=\"478\">\u00c0 la <strong data-start=\"317\" data-end=\"332\">Clinique EK<\/strong>, nous utilisons uniquement des technologies s\u00e9curitaires et reconnues. <strong>Approuv\u00e9s par Sant\u00e9 Canada<\/strong> \u2705\u00a0<\/p><p data-start=\"480\" data-end=\"701\">Ces dispositifs de micro-aiguilles permettent d\u2019infuser en profondeur des actifs puissants (acide hyaluronique, vitamines, antioxydants), stimulant la r\u00e9g\u00e9n\u00e9ration cellulaire et la production de collag\u00e8ne et d\u2019\u00e9lastine.<\/p><p data-start=\"703\" data-end=\"718\">\u2728 R\u00e9sultats :<\/p><ul data-start=\"719\" data-end=\"977\"><li data-start=\"719\" data-end=\"757\"><p data-start=\"721\" data-end=\"757\">R\u00e9duction des <strong data-start=\"735\" data-end=\"755\">rides et ridules<\/strong><\/p><\/li><li data-start=\"758\" data-end=\"800\"><p data-start=\"760\" data-end=\"800\">Am\u00e9lioration des <strong data-start=\"777\" data-end=\"798\">cicatrices d\u2019acn\u00e9<\/strong><\/p><\/li><li data-start=\"801\" data-end=\"839\"><p data-start=\"803\" data-end=\"839\">Resserrement des <strong data-start=\"820\" data-end=\"837\">pores dilat\u00e9s<\/strong><\/p><\/li><li data-start=\"840\" data-end=\"906\"><p data-start=\"842\" data-end=\"906\">Att\u00e9nuation du <strong data-start=\"857\" data-end=\"904\">teint irr\u00e9gulier et des taches pigmentaires<\/strong><\/p><\/li><li data-start=\"907\" data-end=\"977\"><p data-start=\"909\" data-end=\"977\">Am\u00e9lioration de la <strong data-start=\"928\" data-end=\"975\">texture de la peau, vergetures et cellulite<\/strong><\/p><\/li><\/ul><p data-start=\"979\" data-end=\"1111\">Nous choisissons la technique la plus adapt\u00e9e selon vos besoins afin de garantir des r\u00e9sultats visibles, naturels et s\u00e9curitaires.<\/p>\t\t\t\t\t\t\t\t<\/div>\n\t\t\t\t<\/div>\n\t\t\t\t<div class=\"elementor-element elementor-element-eb714de elementor-widget elementor-widget-text-editor\" data-id=\"eb714de\" data-element_type=\"widget\" data-widget_type=\"text-editor.default\">\n\t\t\t\t<div class=\"elementor-widget-container\">\n\t\t\t\t\t\t\t\t\t<p><strong>Anti age\u00a0 4 \u00e0 6 traitements. Intervalle de 3 \u00e0 4 semaines<\/strong><\/p><p>Rides\/ridules, taches pigmentaires, pores dilat\u00e9es<\/p><p><strong>Cicatrices et cicatrices d&rsquo;acn\u00e9 \u00a06 traitements. Intervalle de 4 \u00e0 6 semaines\u00a0<\/strong><\/p><p><strong>Vergetures, cellulite entre 5 et 8 traitements. Intervalle de 4 \u00e0 6 semaines<\/strong><\/p>\t\t\t\t\t\t\t\t<\/div>\n\t\t\t\t<\/div>\n\t\t\t\t<div class=\"elementor-element elementor-element-1a6eef2 elementor-widget elementor-widget-button\" data-id=\"1a6eef2\" data-element_type=\"widget\" data-widget_type=\"button.default\">\n\t\t\t\t<div class=\"elementor-widget-container\">\n\t\t\t\t\t\t\t\t\t<div class=\"elementor-button-wrapper\">\n\t\t\t\t\t<a class=\"elementor-button elementor-button-link elementor-size-sm\" href=\"https:\/\/www.gorendezvous.com\/clinique-ek?fbclid=PAQ0xDSwK5S75leHRuA2FlbQIxMQABp3VhZRqsRRCWe8iUGiMkHVv9iEyhGptkwUeW98i9n_u_y4lymEcVBRZ9SrFj_aem_wNJqAvbF87czLjPuU0lGYA\" target=\"_blank\" rel=\"noopener\">\n\t\t\t\t\t\t<span class=\"elementor-button-content-wrapper\">\n\t\t\t\t\t\t\t\t\t<span class=\"elementor-button-text\">MAKE AN APPOINTMENT<\/span>\n\t\t\t\t\t<\/span>\n\t\t\t\t\t<\/a>\n\t\t\t\t<\/div>\n\t\t\t\t\t\t\t\t<\/div>\n\t\t\t\t<\/div>\n\t\t\t\t\t<\/div>\n\t\t<\/div>\n\t\t\t\t<div class=\"elementor-column elementor-col-50 elementor-top-column elementor-element elementor-element-18731e4\" data-id=\"18731e4\" data-element_type=\"column\" data-settings=\"{&quot;background_background&quot;:&quot;classic&quot;}\">\n\t\t\t<div class=\"elementor-widget-wrap elementor-element-populated\">\n\t\t\t\t\t\t<div class=\"elementor-element elementor-element-98e39c8 elementor-widget elementor-widget-heading\" data-id=\"98e39c8\" data-element_type=\"widget\" data-widget_type=\"heading.default\">\n\t\t\t\t<div class=\"elementor-widget-container\">\n\t\t\t\t\t<h2 class=\"elementor-heading-title elementor-size-default\">Nos prix:<\/h2>\t\t\t\t<\/div>\n\t\t\t\t<\/div>\n\t\t\t\t<div class=\"elementor-element elementor-element-92c87dd elementor-widget elementor-widget-heading\" data-id=\"92c87dd\" data-element_type=\"widget\" data-widget_type=\"heading.default\">\n\t\t\t\t<div class=\"elementor-widget-container\">\n\t\t\t\t\t<h2 class=\"elementor-heading-title elementor-size-default\">** Chaque traitement utilise la fiole compl\u00e8te : 3,5 ml **.      \n <\/h2>\t\t\t\t<\/div>\n\t\t\t\t<\/div>\n\t\t\t\t<div class=\"elementor-element elementor-element-a2b7052 elementor-widget elementor-widget-ucaddon_price_list\" data-id=\"a2b7052\" data-element_type=\"widget\" data-widget_type=\"ucaddon_price_list.default\">\n\t\t\t\t<div class=\"elementor-widget-container\">\n\t\t\t\t\t\n<!-- start Price List -->\n<style>\/* widget: Price List *\/\n\n\n\n#uc_price_list_elementor_a2b7052  *{\n\tbox-sizing:border-box;\n}\n\n#uc_price_list_elementor_a2b7052 li\n{\n  list-style:none;\n}\n\n#uc_price_list_elementor_a2b7052 .menu-list\n{\n  padding: 0px;\n  display:grid;\n}\n\n#uc_price_list_elementor_a2b7052 .menu-img{\n\tflex-grow:0;\n    flex-shrink:0;\n    display:flex;\n    overflow:hidden;\n}\n\n#uc_price_list_elementor_a2b7052 .menu-img img\n{\n  width:100%;\n  display:block;\n  transition:0.3s;\n}\n\n\n\t\n\n\n#uc_price_list_elementor_a2b7052 .ue_price_list_item{\n\tdisplay: flex;\n    overflow:hidden;\n   \n}\n\n#uc_price_list_elementor_a2b7052 .menu-items:last-child\n{\n  border-bottom:none;\n}\n\n\n#uc_price_list_elementor_a2b7052 .menu-wrappertitle{\n\tdisplay: flex;\n\talign-items:center;\n\t\n}\n\n#uc_price_list_elementor_a2b7052 .menu-wrapperall{\n\tflex-grow:1;\n\n}\n\n\n\n\n#uc_price_list_elementor_a2b7052 .menu-text-separator{\n\t\n\talign-self: center;\n    flex-grow:1;\n}\n\n#uc_price_list_elementor_a2b7052 .ue_price_list_seperator\n{\n\tborder-top-width: 0;\n\tborder-right-width: 0;\n\tborder-left-width: 0;\n}\n\n#uc_price_list_elementor_a2b7052 .menu-text {\n}\n\n#uc_price_list_elementor_a2b7052 .menu-price{\n\t\n\tflex-grow:0;\n    flex-shrink:0;\n    display: flex;\n    justify-content: center;\n    align-content: center;\n    flex-direction: column;\n}\n\n\n#uc_price_list_elementor_a2b7052 .menu-title{\n}\n\n\n#uc_price_list_elementor_a2b7052 .menu-wrapperall\n{\n  display:flex;\n  width:100%;\n}\n\n#uc_price_list_elementor_a2b7052 .menu-wrappermidlle\n{\n  width:100%;\n}\n\n\n#uc_price_list_elementor_a2b7052 .ue_price_list_image_spacing\n{\n   flex-grow:0;\n    flex-shrink:0;\n}\n\n#uc_price_list_elementor_a2b7052 li.menu-items:last-child .ue_price_list_item_seperator\n{\n  display:none;\n}\n\n#uc_price_list_elementor_a2b7052 .ue_price_list_badge\n{\n  display:inline-block;\n}\n\n.ue_price_list_badge\n{\n  font-size:10px;\n}\n\n#uc_price_list_elementor_a2b7052 a\n{\n  text-decoration:none;\n}\n\n#uc_price_list_elementor_a2b7052 .menu-price-spacing\n{\n  flex-grow:0;\n    flex-shrink:0;\n}\n\n\n\t@media only screen and (max-width: 600px) {\n  #uc_price_list_elementor_a2b7052 .ue_price_list_item\n      {\n        flex-direction:column;\n      }\n      }  \n\n\n<\/style>\n\n<div id=\"uc_price_list_elementor_a2b7052\" class=\"\" >\n\t<ul class=\"menu-list uc-items-wrapper\">\n\t\t<li class=\"menu-items\"> \n    <div class=\"ue_price_list_item\">\n  \t\n\t\t\t\n\n\t\t\t\n\t\t<div class=\"menu-wrapperall\">\n\t\t\t<div class=\"menu-wrappermidlle\">\n                \n              \t\t\t\t<div class=\"menu-wrappertitle\"> \n\t\t\t\t<div class=\"menu-title\"> 1 s\u00e9ance \u2013 Microneedling Anti-\u00c2ge Premium <\/div>\n                  <div class=\"menu-text-separator\">\n                    <div class=\"ue_price_list_seperator\"><\/div>                  <\/div>\n\t\t\t\t  <div class=\"menu-price-spacing\"><\/div><div class=\"menu-price\">250$<\/div>\t\t\t<\/div>\n              \n              \n\t\t\t<div class=\"menu-text\"> <b>Traitement Intensif Repulpant \u2728<\/b><br><br>\n\nUn soin con\u00e7u pour stimuler la production de collag\u00e8ne et lisser la texture de la peau :<br><br>\n\n\u2022 <b>S\u00e9rum Premium :<\/b> Infusion de peptides et acides amin\u00e9s.<br>\n\u2022 <b>Action :<\/b> R\u00e9duit les rides, ridules et resserre les pores.<br>\n\u2022 <b>R\u00e9sultat :<\/b> Une peau plus ferme, lumineuse et rajeunie.<br><br>\n\n<i>Utilisation d'une fiole compl\u00e8te de 3.5 ml pour des r\u00e9sultats optimaux.<\/i> <\/div>\n\t\t\t<\/div>\n            \n            \t\t<\/div>\n  <\/div>\n    \n<\/li>\n<li class=\"menu-items\"> \n    <div class=\"ue_price_list_item\">\n  \t\n\t\t\t\n\n\t\t\t\n\t\t<div class=\"menu-wrapperall\">\n\t\t\t<div class=\"menu-wrappermidlle\">\n                \n              \t\t\t\t<div class=\"menu-wrappertitle\"> \n\t\t\t\t<div class=\"menu-title\"> Cure de 4 s\u00e9ances \u2013 Microneedling Anti-\u00c2ge Premium <\/div>\n                  <div class=\"menu-text-separator\">\n                    <div class=\"ue_price_list_seperator\"><\/div>                  <\/div>\n\t\t\t\t  <div class=\"menu-price-spacing\"><\/div><div class=\"menu-price\">940$<\/div>\t\t\t<\/div>\n              \n              \n\t\t\t<div class=\"menu-text\"> <b>Programme de Transformation Cutan\u00e9e \ud83d\udcc8<\/b><br><br>\n\nUne cure compl\u00e8te pour des r\u00e9sultats durables et profonds :<br><br>\n\n\u2705 Am\u00e9lioration marqu\u00e9e de la fermet\u00e9.<br>\n\u2705 R\u00e9duction visible des rides et ridules.<br>\n\u2705 Correction durable de la texture de peau.<br>\n\u2705 Boost d'\u00e9clat.<br><br>\n\n<b>Avantage cure :<\/b> Chaque s\u00e9ance inclut un s\u00e9rum r\u00e9g\u00e9n\u00e9rant haut de gamme pour maximiser la stimulation du collag\u00e8ne. <\/div>\n\t\t\t<\/div>\n            \n            \t\t<\/div>\n  <\/div>\n    \n<\/li>\n<li class=\"menu-items\"> \n    <div class=\"ue_price_list_item\">\n  \t\n\t\t\t\n\n\t\t\t\n\t\t<div class=\"menu-wrapperall\">\n\t\t\t<div class=\"menu-wrappermidlle\">\n                \n              \t\t\t\t<div class=\"menu-wrappertitle\"> \n\t\t\t\t<div class=\"menu-title\"> R\u00e9g\u00e9n\u00e9ration Cellulaire Haute Performance <\/div>\n                  <div class=\"menu-text-separator\">\n                    <div class=\"ue_price_list_seperator\"><\/div>                  <\/div>\n\t\t\t\t  <div class=\"menu-price-spacing\"><\/div><div class=\"menu-price\">$350<\/div>\t\t\t<\/div>\n              \n              \n\t\t\t<div class=\"menu-text\"> <b>Protocole de R\u00e9g\u00e9n\u00e9ration Cellulaire Ultime \ud83e\uddec<\/b><br><br>\n\nUn soin d'exception combinant trois technologies de pointe :<br><br>\n\n1\ufe0f\u20e3 <b>Pr\u00e9paration Radiofr\u00e9quence :<\/b> Stimule les tissus.<br>\n2\ufe0f\u20e3 <b>Infusion Exosomes & PDRN :<\/b> Microneedling (fiole 3.5 ml).<br>\n3\ufe0f\u20e3 <b>Final Lumineux LED :<\/b> Calme et booste le collag\u00e8ne.<br><br>\n\n<b>B\u00e9n\u00e9fices :<\/b><br>\n\u2728 \u00c9clat | \ud83d\udcc8 R\u00e9paration | \u23f3 Anti-\u00c2ge<br><br>\n\n<b>Cures avantageuses :<\/b><br>\n\u2022 3 s\u00e9ances : $950 (\u00c9conomisez $100)<br>\n\u2022 5 s\u00e9ances : $1499 (\u00c9conomisez $250) <\/div>\n\t\t\t<\/div>\n            \n            \t\t<\/div>\n  <\/div>\n    \n<\/li>\n<li class=\"menu-items\"> \n    <div class=\"ue_price_list_item\">\n  \t\n\t\t\t\n\n\t\t\t\n\t\t<div class=\"menu-wrapperall\">\n\t\t\t<div class=\"menu-wrappermidlle\">\n                \n              \t\t\t\t<div class=\"menu-wrappertitle\"> \n\t\t\t\t<div class=\"menu-title\"> 1 s\u00e9ance \u2013 Cicatrices \/ Vergetures <\/div>\n                  <div class=\"menu-text-separator\">\n                    <div class=\"ue_price_list_seperator\"><\/div>                  <\/div>\n\t\t\t\t  <div class=\"menu-price-spacing\"><\/div><div class=\"menu-price\">$300<\/div>\t\t\t<\/div>\n              \n              \n\t\t\t<div class=\"menu-text\"> <b>Traitement Cibl\u00e9 R\u00e9parateur \ud83e\uddec<\/b><br><br>\n\nUn protocole sp\u00e9cialis\u00e9 pour les cicatrices (acn\u00e9, chirurgie) et les vergetures :<br><br>\n\n\u2022 <b>\u00c9tape 1 :<\/b> S\u00e9rum \u00e0 la <i>Centella Asiatica<\/i> (r\u00e9paration intense).<br>\n\u2022 <b>\u00c9tape 2 :<\/b> Complexe <b>PDRN<\/b> pour acc\u00e9l\u00e9rer le renouvellement.<br>\n\u2022 <b>R\u00e9sultat :<\/b> Peau plus lisse, uniforme et texture tonifi\u00e9e.<br><br>\n\n<i>Stimulation profonde du collag\u00e8ne pour une peau r\u00e9g\u00e9n\u00e9r\u00e9e.<\/i> <\/div>\n\t\t\t<\/div>\n            \n            \t\t<\/div>\n  <\/div>\n    \n<\/li>\n<li class=\"menu-items\"> \n    <div class=\"ue_price_list_item\">\n  \t\n\t\t\t\n\n\t\t\t\n\t\t<div class=\"menu-wrapperall\">\n\t\t\t<div class=\"menu-wrappermidlle\">\n                \n              \t\t\t\t<div class=\"menu-wrappertitle\"> \n\t\t\t\t<div class=\"menu-title\"> Cure de 6 s\u00e9ances \u2013 Cicatrices \/ Vergetures <\/div>\n                  <div class=\"menu-text-separator\">\n                    <div class=\"ue_price_list_seperator\"><\/div>                  <\/div>\n\t\t\t\t  <div class=\"menu-price-spacing\"><\/div><div class=\"menu-price\">$1680<\/div>\t\t\t<\/div>\n              \n              \n\t\t\t<div class=\"menu-text\"> <b>Programme de Reconstruction Cutan\u00e9e \ud83d\udcc8<\/b><br><br>\n\nRecommand\u00e9 pour les cicatrices anciennes ou vergetures \u00e9tendues :<br><br>\n\n\u2705 Diminution marqu\u00e9e des reliefs et des marques.<br>\n\u2705 Am\u00e9lioration visible de la couleur des tissus.<br>\n\u2705 Texture progressivement liss\u00e9e et peau raffermie.<br><br>\n\n<b>Le secret :<\/b> Une action cumulative qui maximise la production d'\u00e9lastine s\u00e9ance apr\u00e8s s\u00e9ance. <\/div>\n\t\t\t<\/div>\n            \n            \t\t<\/div>\n  <\/div>\n    \n<\/li>\n\n    <\/ul>\n<\/div>\n<!-- end Price List -->\t\t\t\t<\/div>\n\t\t\t\t<\/div>\n\t\t\t\t<div class=\"elementor-element elementor-element-4c7be52 elementor-widget__width-auto elementor-widget elementor-widget-button\" data-id=\"4c7be52\" data-element_type=\"widget\" data-widget_type=\"button.default\">\n\t\t\t\t<div class=\"elementor-widget-container\">\n\t\t\t\t\t\t\t\t\t<div class=\"elementor-button-wrapper\">\n\t\t\t\t\t<a class=\"elementor-button elementor-button-link elementor-size-sm\" href=\"https:\/\/www.gorendezvous.com\/clinique-ek?fbclid=PAQ0xDSwK5S75leHRuA2FlbQIxMQABp3VhZRqsRRCWe8iUGiMkHVv9iEyhGptkwUeW98i9n_u_y4lymEcVBRZ9SrFj_aem_wNJqAvbF87czLjPuU0lGYA\" target=\"_blank\" rel=\"noopener\">\n\t\t\t\t\t\t<span class=\"elementor-button-content-wrapper\">\n\t\t\t\t\t\t\t\t\t<span class=\"elementor-button-text\">MAKE AN APPOINTMENT<\/span>\n\t\t\t\t\t<\/span>\n\t\t\t\t\t<\/a>\n\t\t\t\t<\/div>\n\t\t\t\t\t\t\t\t<\/div>\n\t\t\t\t<\/div>\n\t\t\t\t\t<\/div>\n\t\t<\/div>\n\t\t\t\t\t<\/div>\n\t\t<\/section>\n\t\t\t\t<\/div>","protected":false},"excerpt":{"rendered":"<p>Boostez l&rsquo;\u00e9clat de votre peau en profondeur . Des soins personnalis\u00e9s pour chaque type de peau Soin de&#8230;<\/p>","protected":false},"author":2,"featured_media":0,"parent":0,"menu_order":0,"comment_status":"closed","ping_status":"closed","template":"elementor_header_footer","meta":{"footnotes":""},"class_list":["post-6545","page","type-page","status-publish","hentry"],"jetpack_sharing_enabled":true,"_links":{"self":[{"href":"https:\/\/esthetique-k.com\/en\/wp-json\/wp\/v2\/pages\/6545","targetHints":{"allow":["GET"]}}],"collection":[{"href":"https:\/\/esthetique-k.com\/en\/wp-json\/wp\/v2\/pages"}],"about":[{"href":"https:\/\/esthetique-k.com\/en\/wp-json\/wp\/v2\/types\/page"}],"author":[{"embeddable":true,"href":"https:\/\/esthetique-k.com\/en\/wp-json\/wp\/v2\/users\/2"}],"replies":[{"embeddable":true,"href":"https:\/\/esthetique-k.com\/en\/wp-json\/wp\/v2\/comments?post=6545"}],"version-history":[{"count":66,"href":"https:\/\/esthetique-k.com\/en\/wp-json\/wp\/v2\/pages\/6545\/revisions"}],"predecessor-version":[{"id":9054,"href":"https:\/\/esthetique-k.com\/en\/wp-json\/wp\/v2\/pages\/6545\/revisions\/9054"}],"wp:attachment":[{"href":"https:\/\/esthetique-k.com\/en\/wp-json\/wp\/v2\/media?parent=6545"}],"curies":[{"name":"wp","href":"https:\/\/api.w.org\/{rel}","templated":true}]}}