{"id":7715,"date":"2024-10-16T04:27:05","date_gmt":"2024-10-16T04:27:05","guid":{"rendered":"https:\/\/esthetique-k.com\/?page_id=7715"},"modified":"2025-08-30T02:33:38","modified_gmt":"2025-08-30T02:33:38","slug":"electrolyse-2","status":"publish","type":"page","link":"https:\/\/esthetique-k.com\/en\/electrolyse-2\/","title":{"rendered":"Electrolysis"},"content":{"rendered":"<div data-elementor-type=\"wp-page\" data-elementor-id=\"7715\" class=\"elementor elementor-7715\">\n\t\t\t\t\t\t<section class=\"elementor-section elementor-top-section elementor-element elementor-element-90a117e elementor-section-boxed elementor-section-height-default elementor-section-height-default\" data-id=\"90a117e\" data-element_type=\"section\">\n\t\t\t\t\t\t<div class=\"elementor-container elementor-column-gap-default\">\n\t\t\t\t\t<div class=\"elementor-column elementor-col-50 elementor-top-column elementor-element elementor-element-904917a\" data-id=\"904917a\" data-element_type=\"column\">\n\t\t\t<div class=\"elementor-widget-wrap elementor-element-populated\">\n\t\t\t\t\t\t<div class=\"elementor-element elementor-element-ef1a3bc elementor-widget__width-initial elementor-widget elementor-widget-image\" data-id=\"ef1a3bc\" data-element_type=\"widget\" data-widget_type=\"image.default\">\n\t\t\t\t<div class=\"elementor-widget-container\">\n\t\t\t\t\t\t\t\t\t\t\t\t\t\t\t<img fetchpriority=\"high\" decoding=\"async\" width=\"355\" height=\"266\" src=\"data:image\/svg+xml,%20%3Csvg%20viewBox%3D%220%200%20355%20266%22%20xmlns%3D%22http%3A%2F%2Fwww.w3.org%2F2000%2Fsvg%22%3E%3C%2Fsvg%3E\" data-src=\"https:\/\/i0.wp.com\/esthetique-k.com\/wp-content\/uploads\/2024\/10\/2fff59_ecab563e674f414e9d08a98c2bbaa906mv2.jpg?fit=355%2C266&amp;ssl=1\" class=\"lazyload attachment-large size-large wp-image-7755\" alt=\"\" srcset=\"\" data-srcset=\"https:\/\/i0.wp.com\/esthetique-k.com\/wp-content\/uploads\/2024\/10\/2fff59_ecab563e674f414e9d08a98c2bbaa906mv2.jpg?w=355&amp;ssl=1 355w, https:\/\/i0.wp.com\/esthetique-k.com\/wp-content\/uploads\/2024\/10\/2fff59_ecab563e674f414e9d08a98c2bbaa906mv2.jpg?resize=300%2C225&amp;ssl=1 300w, https:\/\/i0.wp.com\/esthetique-k.com\/wp-content\/uploads\/2024\/10\/2fff59_ecab563e674f414e9d08a98c2bbaa906mv2.jpg?resize=16%2C12&amp;ssl=1 16w, https:\/\/i0.wp.com\/esthetique-k.com\/wp-content\/uploads\/2024\/10\/2fff59_ecab563e674f414e9d08a98c2bbaa906mv2.jpg?resize=255%2C191&amp;ssl=1 255w, https:\/\/i0.wp.com\/esthetique-k.com\/wp-content\/uploads\/2024\/10\/2fff59_ecab563e674f414e9d08a98c2bbaa906mv2.jpg?resize=150%2C112&amp;ssl=1 150w\" sizes=\"(max-width: 355px) 100vw, 355px\" \/>\t\t\t\t\t\t\t\t\t\t\t\t\t\t\t<\/div>\n\t\t\t\t<\/div>\n\t\t\t\t\t<\/div>\n\t\t<\/div>\n\t\t\t\t<div class=\"elementor-column elementor-col-50 elementor-top-column elementor-element elementor-element-667fc9d\" data-id=\"667fc9d\" data-element_type=\"column\">\n\t\t\t<div class=\"elementor-widget-wrap elementor-element-populated\">\n\t\t\t\t\t\t<div class=\"elementor-element elementor-element-f198e6a elementor-widget elementor-widget-heading\" data-id=\"f198e6a\" data-element_type=\"widget\" data-widget_type=\"heading.default\">\n\t\t\t\t<div class=\"elementor-widget-container\">\n\t\t\t\t\t<h2 class=\"elementor-heading-title elementor-size-default\">\nElectrolysis<\/h2>\t\t\t\t<\/div>\n\t\t\t\t<\/div>\n\t\t\t\t<div class=\"elementor-element elementor-element-08284a5 elementor-widget elementor-widget-text-editor\" data-id=\"08284a5\" data-element_type=\"widget\" data-widget_type=\"text-editor.default\">\n\t\t\t\t<div class=\"elementor-widget-container\">\n\t\t\t\t\t\t\t\t\t<p>L&rsquo;\u00e9lectrolyse est une m\u00e9thode permanente d&rsquo;\u00e9pilation qui utilise un courant \u00e9lectrique pour d\u00e9truire les follicules pileux \u00e0 la racine. Une fine aiguille est ins\u00e9r\u00e9e dans le follicule pileux, et un courant est appliqu\u00e9 pour \u00e9liminer le poil et emp\u00eacher sa repousse. Cette techniques est efficace sur tous les types de poils et de peau.<br \/>Id\u00e9alement pour finition de laser ou pour les poils blancs.<\/p><p>*Filament inclus dans le prix*<\/p>\t\t\t\t\t\t\t\t<\/div>\n\t\t\t\t<\/div>\n\t\t\t\t<div class=\"elementor-element elementor-element-cf43a24 elementor-widget elementor-widget-ucaddon_price_list\" data-id=\"cf43a24\" data-element_type=\"widget\" data-widget_type=\"ucaddon_price_list.default\">\n\t\t\t\t<div class=\"elementor-widget-container\">\n\t\t\t\t\t\n<!-- start Price List -->\n<style>\/* widget: Price List *\/\n\n\n\n#uc_price_list_elementor_cf43a24  *{\n\tbox-sizing:border-box;\n}\n\n#uc_price_list_elementor_cf43a24 li\n{\n  list-style:none;\n}\n\n#uc_price_list_elementor_cf43a24 .menu-list\n{\n  padding: 0px;\n  display:grid;\n}\n\n#uc_price_list_elementor_cf43a24 .menu-img{\n\tflex-grow:0;\n    flex-shrink:0;\n    display:flex;\n    overflow:hidden;\n}\n\n#uc_price_list_elementor_cf43a24 .menu-img img\n{\n  width:100%;\n  display:block;\n  transition:0.3s;\n}\n\n\n\t\n\n\n#uc_price_list_elementor_cf43a24 .ue_price_list_item{\n\tdisplay: flex;\n    overflow:hidden;\n   \n}\n\n#uc_price_list_elementor_cf43a24 .menu-items:last-child\n{\n  border-bottom:none;\n}\n\n\n#uc_price_list_elementor_cf43a24 .menu-wrappertitle{\n\tdisplay: flex;\n\talign-items:center;\n\t\n}\n\n#uc_price_list_elementor_cf43a24 .menu-wrapperall{\n\tflex-grow:1;\n\n}\n\n\n\n\n#uc_price_list_elementor_cf43a24 .menu-text-separator{\n\t\n\talign-self: center;\n    flex-grow:1;\n}\n\n#uc_price_list_elementor_cf43a24 .ue_price_list_seperator\n{\n\tborder-top-width: 0;\n\tborder-right-width: 0;\n\tborder-left-width: 0;\n}\n\n#uc_price_list_elementor_cf43a24 .menu-text {\n}\n\n#uc_price_list_elementor_cf43a24 .menu-price{\n\t\n\tflex-grow:0;\n    flex-shrink:0;\n    display: flex;\n    justify-content: center;\n    align-content: center;\n    flex-direction: column;\n}\n\n\n#uc_price_list_elementor_cf43a24 .menu-title{\n}\n\n\n#uc_price_list_elementor_cf43a24 .menu-wrapperall\n{\n  display:flex;\n  width:100%;\n}\n\n#uc_price_list_elementor_cf43a24 .menu-wrappermidlle\n{\n  width:100%;\n}\n\n\n#uc_price_list_elementor_cf43a24 .ue_price_list_image_spacing\n{\n   flex-grow:0;\n    flex-shrink:0;\n}\n\n#uc_price_list_elementor_cf43a24 li.menu-items:last-child .ue_price_list_item_seperator\n{\n  display:none;\n}\n\n#uc_price_list_elementor_cf43a24 .ue_price_list_badge\n{\n  display:inline-block;\n}\n\n.ue_price_list_badge\n{\n  font-size:10px;\n}\n\n#uc_price_list_elementor_cf43a24 a\n{\n  text-decoration:none;\n}\n\n#uc_price_list_elementor_cf43a24 .menu-price-spacing\n{\n  flex-grow:0;\n    flex-shrink:0;\n}\n\n\n\t@media only screen and (max-width: 600px) {\n  #uc_price_list_elementor_cf43a24 .ue_price_list_item\n      {\n        flex-direction:column;\n      }\n      }  \n\n\n<\/style>\n\n<div id=\"uc_price_list_elementor_cf43a24\" class=\"\" >\n\t<ul class=\"menu-list uc-items-wrapper\">\n\t\t<li class=\"menu-items\"> \n    <div class=\"ue_price_list_item\">\n  \t\n\t\t\t\n\n\t\t\t\n\t\t<div class=\"menu-wrapperall\">\n\t\t\t<div class=\"menu-wrappermidlle\">\n                \n              \t\t\t\t<div class=\"menu-wrappertitle\"> \n\t\t\t\t<div class=\"menu-title\">  \u00c9lectrolyse \u00e0 la 1 minutes <\/div>\n                  <div class=\"menu-text-separator\">\n                    <div class=\"ue_price_list_seperator\"><\/div>                  <\/div>\n\t\t\t\t  <div class=\"menu-price-spacing\"><\/div><div class=\"menu-price\">1,30$<\/div>\t\t\t<\/div>\n              \n              \n\t\t\t<div class=\"menu-text\">  <\/div>\n\t\t\t<\/div>\n            \n            \t\t<\/div>\n  <\/div>\n    \n<\/li>\n<li class=\"menu-items\"> \n    <div class=\"ue_price_list_item\">\n  \t\n\t\t\t\n\n\t\t\t\n\t\t<div class=\"menu-wrapperall\">\n\t\t\t<div class=\"menu-wrappermidlle\">\n                \n              \t\t\t\t<div class=\"menu-wrappertitle\"> \n\t\t\t\t<div class=\"menu-title\">  Electrolysis 15 minutes <\/div>\n                  <div class=\"menu-text-separator\">\n                    <div class=\"ue_price_list_seperator\"><\/div>                  <\/div>\n\t\t\t\t  <div class=\"menu-price-spacing\"><\/div><div class=\"menu-price\">19$<\/div>\t\t\t<\/div>\n              \n              \n\t\t\t<div class=\"menu-text\">  <\/div>\n\t\t\t<\/div>\n            \n            \t\t<\/div>\n  <\/div>\n    \n<\/li>\n<li class=\"menu-items\"> \n    <div class=\"ue_price_list_item\">\n  \t\n\t\t\t\n\n\t\t\t\n\t\t<div class=\"menu-wrapperall\">\n\t\t\t<div class=\"menu-wrappermidlle\">\n                \n              \t\t\t\t<div class=\"menu-wrappertitle\"> \n\t\t\t\t<div class=\"menu-title\">  Electrolysis 30 minutes <\/div>\n                  <div class=\"menu-text-separator\">\n                    <div class=\"ue_price_list_seperator\"><\/div>                  <\/div>\n\t\t\t\t  <div class=\"menu-price-spacing\"><\/div><div class=\"menu-price\">35$<\/div>\t\t\t<\/div>\n              \n              \n\t\t\t<div class=\"menu-text\">  <\/div>\n\t\t\t<\/div>\n            \n            \t\t<\/div>\n  <\/div>\n    \n<\/li>\n\n    <\/ul>\n<\/div>\n<!-- end Price List -->\t\t\t\t<\/div>\n\t\t\t\t<\/div>\n\t\t\t\t\t<\/div>\n\t\t<\/div>\n\t\t\t\t\t<\/div>\n\t\t<\/section>\n\t\t\t\t<section class=\"elementor-section elementor-top-section elementor-element elementor-element-bebbe5a elementor-section-boxed elementor-section-height-default elementor-section-height-default\" data-id=\"bebbe5a\" data-element_type=\"section\">\n\t\t\t\t\t\t<div class=\"elementor-container elementor-column-gap-default\">\n\t\t\t\t\t<div class=\"elementor-column elementor-col-100 elementor-top-column elementor-element elementor-element-fa56187\" data-id=\"fa56187\" data-element_type=\"column\">\n\t\t\t<div class=\"elementor-widget-wrap elementor-element-populated\">\n\t\t\t\t\t\t<div class=\"elementor-element elementor-element-33b359f elementor-align-center elementor-widget elementor-widget-button\" data-id=\"33b359f\" data-element_type=\"widget\" data-widget_type=\"button.default\">\n\t\t\t\t<div class=\"elementor-widget-container\">\n\t\t\t\t\t\t\t\t\t<div class=\"elementor-button-wrapper\">\n\t\t\t\t\t<a class=\"elementor-button elementor-button-link elementor-size-sm\" href=\"https:\/\/www.gorendezvous.com\/clinique-ek?fbclid=PAQ0xDSwK5S75leHRuA2FlbQIxMQABp3VhZRqsRRCWe8iUGiMkHVv9iEyhGptkwUeW98i9n_u_y4lymEcVBRZ9SrFj_aem_wNJqAvbF87czLjPuU0lGYA\" target=\"_blank\" rel=\"noopener\">\n\t\t\t\t\t\t<span class=\"elementor-button-content-wrapper\">\n\t\t\t\t\t\t\t\t\t<span class=\"elementor-button-text\">MAKE AN APPOINTMENT<\/span>\n\t\t\t\t\t<\/span>\n\t\t\t\t\t<\/a>\n\t\t\t\t<\/div>\n\t\t\t\t\t\t\t\t<\/div>\n\t\t\t\t<\/div>\n\t\t\t\t\t<\/div>\n\t\t<\/div>\n\t\t\t\t\t<\/div>\n\t\t<\/section>\n\t\t\t\t<\/div>","protected":false},"excerpt":{"rendered":"<p>\u00c9lectrolyse L&rsquo;\u00e9lectrolyse est une m\u00e9thode permanente d&rsquo;\u00e9pilation qui utilise un courant \u00e9lectrique pour d\u00e9truire les follicules pileux \u00e0&#8230;<\/p>","protected":false},"author":1,"featured_media":0,"parent":0,"menu_order":0,"comment_status":"closed","ping_status":"closed","template":"page-full-width.php","meta":{"footnotes":""},"class_list":["post-7715","page","type-page","status-publish","hentry"],"jetpack_sharing_enabled":true,"_links":{"self":[{"href":"https:\/\/esthetique-k.com\/en\/wp-json\/wp\/v2\/pages\/7715","targetHints":{"allow":["GET"]}}],"collection":[{"href":"https:\/\/esthetique-k.com\/en\/wp-json\/wp\/v2\/pages"}],"about":[{"href":"https:\/\/esthetique-k.com\/en\/wp-json\/wp\/v2\/types\/page"}],"author":[{"embeddable":true,"href":"https:\/\/esthetique-k.com\/en\/wp-json\/wp\/v2\/users\/1"}],"replies":[{"embeddable":true,"href":"https:\/\/esthetique-k.com\/en\/wp-json\/wp\/v2\/comments?post=7715"}],"version-history":[{"count":9,"href":"https:\/\/esthetique-k.com\/en\/wp-json\/wp\/v2\/pages\/7715\/revisions"}],"predecessor-version":[{"id":8592,"href":"https:\/\/esthetique-k.com\/en\/wp-json\/wp\/v2\/pages\/7715\/revisions\/8592"}],"wp:attachment":[{"href":"https:\/\/esthetique-k.com\/en\/wp-json\/wp\/v2\/media?parent=7715"}],"curies":[{"name":"wp","href":"https:\/\/api.w.org\/{rel}","templated":true}]}}