{"id":4902,"date":"2023-02-17T17:54:36","date_gmt":"2023-02-17T17:54:36","guid":{"rendered":"https:\/\/esthetique-k.com\/?post_type=product&#038;p=4902"},"modified":"2024-09-12T16:37:41","modified_gmt":"2024-09-12T16:37:41","slug":"biophora-creme-anti-age-contour-des-yeux","status":"publish","type":"product","link":"https:\/\/esthetique-k.com\/en\/product\/biophora-creme-anti-age-contour-des-yeux\/","title":{"rendered":"Cr\u00e8me anti-\u00e2ge contour des yeux"},"content":{"rendered":"<div class=\"elementor-price-list-text\">\n<div class=\"woocommerce-product-details__short-description\">\n<p>Une cr\u00e8me pour les yeux, contenant peptides, vitamine E, extraits d\u2019\u00e9chinac\u00e9e, de romarin et d\u2019algues marines, con\u00e7ue particuli\u00e8rement pour volumiser, raermir et r\u00e9duire visiblement l\u2019apparence des ridules et rides au pourtour des yeux, pour tous les types de peau.<\/p>\n<\/div>\n<div class=\"product_meta\"><\/div>\n<h3>Mode d&#8217;emploi<\/h3>\n<p>Tapotez ou appliquez une petite quantit\u00e9 de produit sur le contour des yeux, deux fois par jour.<\/p>\n<h3>Ingr\u00e9dients<\/h3>\n<p>Aqua, Glycerin, Caprylic\/capric triglyceride, Stearic acid, Glyceryl stearate, Cetearylalcohol, Potassium stearate, Rosemary (Rosmarinus officinalis) extract, Ethoxydiglycol, Centella asiatica extract, Echinacea angustifolia extract, Sodium polyacrylate, Cetyl alcohol, Palmitoyl oligopeptide, Palmitoyl tetrapeptide- 7, Lavandula angustifolia (Lavender) oil, Macrocystis pyrifera (Kelp) extract, Butylene glycol, Polysorbate 20, Propylene glycol, Diazolidinyl urea, Iodopropynyl butylcarbamate, Allantoin, Dimethicone, Carbomer, Gynostemma pentaphyllum extract, Panax ginseng extract, Sodium hyaluronate, Alcohol denat., Tocopheryl acetate, Tetrasodium EDTA, CI 77891<\/p>\n<div class=\"elementor-price-list-header\"><\/div>\n<\/div>","protected":false},"excerpt":{"rendered":"<div class=\"woocommerce-product-details__short-description\">\n<p>Une cr\u00e8me pour les yeux, contenant peptides, vitamine E, extraits d\u2019\u00e9chinac\u00e9e, de romarin et d\u2019algues marines, con\u00e7ue particuli\u00e8rement pour volumiser, raermir et r\u00e9duire visiblement l\u2019apparence des ridules et rides au pourtour des yeux, pour tous les types de peau.<\/p>\n<\/div>\n<div class=\"product_meta\"><\/div>\n<h3>Mode d&#8217;emploi<\/h3>\n<p>Tapotez ou appliquez une petite quantit\u00e9 de produit sur le contour des yeux, deux fois par jour.<\/p>\n<h3>Ingr\u00e9dients<\/h3>\n<p>Aqua, Glycerin, Caprylic\/capric triglyceride, Stearic acid, Glyceryl stearate, Cetearylalcohol, Potassium stearate, Rosemary (Rosmarinus officinalis) extract, Ethoxydiglycol, Centella asiatica extract, Echinacea angustifolia extract, Sodium polyacrylate, Cetyl alcohol, Palmitoyl oligopeptide, Palmitoyl tetrapeptide- 7, Lavandula angustifolia (Lavender) oil, Macrocystis pyrifera (Kelp) extract, Butylene glycol, Polysorbate 20, Propylene glycol, Diazolidinyl urea, Iodopropynyl butylcarbamate, Allantoin, Dimethicone, Carbomer, Gynostemma pentaphyllum extract, Panax ginseng extract, Sodium hyaluronate, Alcohol denat., Tocopheryl acetate, Tetrasodium EDTA, CI 77891<\/p>\n<div class=\"elementor-price-list-header\"><\/div>","protected":false},"featured_media":7413,"comment_status":"open","ping_status":"closed","template":"","meta":[],"product_brand":[],"product_cat":[41,39],"product_tag":[48],"class_list":{"0":"post-4902","1":"product","2":"type-product","3":"status-publish","4":"has-post-thumbnail","6":"product_cat-creme-pour-les-yeux","7":"product_cat-serums","8":"product_tag-biophora","10":"first","11":"instock","12":"taxable","13":"shipping-taxable","14":"purchasable","15":"product-type-simple"},"jetpack_sharing_enabled":true,"_links":{"self":[{"href":"https:\/\/esthetique-k.com\/en\/wp-json\/wp\/v2\/product\/4902","targetHints":{"allow":["GET"]}}],"collection":[{"href":"https:\/\/esthetique-k.com\/en\/wp-json\/wp\/v2\/product"}],"about":[{"href":"https:\/\/esthetique-k.com\/en\/wp-json\/wp\/v2\/types\/product"}],"replies":[{"embeddable":true,"href":"https:\/\/esthetique-k.com\/en\/wp-json\/wp\/v2\/comments?post=4902"}],"wp:featuredmedia":[{"embeddable":true,"href":"https:\/\/esthetique-k.com\/en\/wp-json\/wp\/v2\/media\/7413"}],"wp:attachment":[{"href":"https:\/\/esthetique-k.com\/en\/wp-json\/wp\/v2\/media?parent=4902"}],"wp:term":[{"taxonomy":"product_brand","embeddable":true,"href":"https:\/\/esthetique-k.com\/en\/wp-json\/wp\/v2\/product_brand?post=4902"},{"taxonomy":"product_cat","embeddable":true,"href":"https:\/\/esthetique-k.com\/en\/wp-json\/wp\/v2\/product_cat?post=4902"},{"taxonomy":"product_tag","embeddable":true,"href":"https:\/\/esthetique-k.com\/en\/wp-json\/wp\/v2\/product_tag?post=4902"}],"curies":[{"name":"wp","href":"https:\/\/api.w.org\/{rel}","templated":true}]}}