{"id":7416,"date":"2024-09-09T16:58:07","date_gmt":"2024-09-09T16:58:07","guid":{"rendered":"https:\/\/esthetique-k.com\/?post_type=product&#038;p=7416"},"modified":"2024-09-12T20:38:33","modified_gmt":"2024-09-12T20:38:33","slug":"vivier-systeme-de-traitement-contre-lacne","status":"publish","type":"product","link":"https:\/\/esthetique-k.com\/en\/product\/vivier-systeme-de-traitement-contre-lacne\/","title":{"rendered":"Vivier  Syst\u00e8me de traitement contre l&rsquo;acn\u00e9"},"content":{"rendered":"<div class=\"productTabContent\">\n<p>Un kit anti-acn\u00e9 efficace en 2 \u00e9tapes qui \u00e9limine visiblement et emp\u00eache la formation de nouveaux boutons d&rsquo;acn\u00e9, points noirs et points blancs en seulement 2 semaines. La peau para\u00eet plus saine et uniforme.<\/p>\n<p>Ce kit puissant contient les produits suivants en taille r\u00e9elle :<br \/>\n&#8211; Nettoyant m\u00e9dicament\u00e9<br \/>\n&#8211; Lotion traitement contre l&rsquo;acn\u00e9<\/p>\n<\/div>\n<div class=\"productTabContent\">\n<p>*L&rsquo;image du produit peut diff\u00e9rer du produit reel<\/p>\n<p>Humidifiez le visage avec de l&rsquo;eau ti\u00e8de. Masser la zone affect\u00e9e et rincer apr\u00e8s 1 minute.<\/p>\n<p>Avec le bout des doigts, appliquez une couche fine et uniforme de lotion traitement contre l&rsquo;acn\u00e9 sur les zones concern\u00e9es.<\/p>\n<p>En cas de s\u00e9cheresse ou de desquamation, r\u00e9duisez l&rsquo;application \u00e0 une fois par jour ou tous les deux jours. Commencez par une application quotidienne, puis augmentez progressivement jusqu&rsquo;\u00e0 deux applications, si n\u00e9cessaire.<\/p>\n<div class=\"usage-details-wrapper\">\n<h6>D\u00c9TAILS<\/h6>\n<p>Si vous avez une peau mixte\/grasse, utilisez le nettoyant m\u00e9dicamenteux et la lotion pour le traitement de l&rsquo;acn\u00e9 deux fois par jour, le matin et le soir.<\/p>\n<p>Si vous avez la peau s\u00e8che\/sensible, nous vous recommandons d&rsquo;utiliser un nettoyant plus doux, comme le HEXAM le matin, et le Nettoyant m\u00e9dicamenteux et la Lotion pour le traitement de l&rsquo;acn\u00e9 le soir.<\/p>\n<p>Pour plus d&rsquo;informations, consultez votre sp\u00e9cialiste des soins de la peau ou votre m\u00e9decin.<\/p>\n<\/div>\n<p>&nbsp;<\/p>\n<\/div>","protected":false},"excerpt":{"rendered":"<p>Un kit anti-acn\u00e9 efficace en 2 \u00e9tapes qui \u00e9limine visiblement et emp\u00eache la formation de nouveaux boutons d&rsquo;acn\u00e9,&#8230;<\/p>","protected":false},"featured_media":7417,"comment_status":"open","ping_status":"closed","template":"","meta":[],"product_brand":[],"product_cat":[44],"product_tag":[47],"class_list":{"0":"post-7416","1":"product","2":"type-product","3":"status-publish","4":"has-post-thumbnail","6":"product_cat-acne-peau-grasse","7":"product_tag-vivier","9":"first","10":"instock","11":"taxable","12":"shipping-taxable","13":"purchasable","14":"product-type-simple"},"jetpack_sharing_enabled":true,"_links":{"self":[{"href":"https:\/\/esthetique-k.com\/en\/wp-json\/wp\/v2\/product\/7416","targetHints":{"allow":["GET"]}}],"collection":[{"href":"https:\/\/esthetique-k.com\/en\/wp-json\/wp\/v2\/product"}],"about":[{"href":"https:\/\/esthetique-k.com\/en\/wp-json\/wp\/v2\/types\/product"}],"replies":[{"embeddable":true,"href":"https:\/\/esthetique-k.com\/en\/wp-json\/wp\/v2\/comments?post=7416"}],"wp:featuredmedia":[{"embeddable":true,"href":"https:\/\/esthetique-k.com\/en\/wp-json\/wp\/v2\/media\/7417"}],"wp:attachment":[{"href":"https:\/\/esthetique-k.com\/en\/wp-json\/wp\/v2\/media?parent=7416"}],"wp:term":[{"taxonomy":"product_brand","embeddable":true,"href":"https:\/\/esthetique-k.com\/en\/wp-json\/wp\/v2\/product_brand?post=7416"},{"taxonomy":"product_cat","embeddable":true,"href":"https:\/\/esthetique-k.com\/en\/wp-json\/wp\/v2\/product_cat?post=7416"},{"taxonomy":"product_tag","embeddable":true,"href":"https:\/\/esthetique-k.com\/en\/wp-json\/wp\/v2\/product_tag?post=7416"}],"curies":[{"name":"wp","href":"https:\/\/api.w.org\/{rel}","templated":true}]}}