{"id":7418,"date":"2024-09-09T17:07:36","date_gmt":"2024-09-09T17:07:36","guid":{"rendered":"https:\/\/esthetique-k.com\/?post_type=product&#038;p=7418"},"modified":"2024-09-12T20:37:17","modified_gmt":"2024-09-12T20:37:17","slug":"vivier-exfoliant-a-la-vitamine-c","status":"publish","type":"product","link":"https:\/\/esthetique-k.com\/en\/product\/vivier-exfoliant-a-la-vitamine-c\/","title":{"rendered":"Vivier Exfoliant \u00e0 la vitamine C"},"content":{"rendered":"<p>Un exfoliant physique revitalisant pour le visage et le corps qui exfolie en douceur les impuret\u00e9s de la peau. Formul\u00e9 avec de la vitamine C pour calmer et \u00e9claircir la peau, ainsi que de l&rsquo;acide hyaluronique pour l&rsquo;hydrater. Les perles biod\u00e9gradables laissent la peau propre, douce et \u00e9clatante.<\/p>\n<div class=\"usage-icon-wrapper\"><img class=\"lazyload\" decoding=\"async\" src=\"data:image\/gif;base64,R0lGODlhAQABAAAAACH5BAEKAAEALAAAAAABAAEAAAICTAEAOw==\" data-src=\"https:\/\/cdn.shopify.com\/s\/files\/1\/0048\/0162\/6227\/files\/AttributeIcon_AM1_AM1.png?v=1650303585\" data-ly-processed=\"1725901262458\" \/><img class=\"lazyload\" decoding=\"async\" src=\"data:image\/gif;base64,R0lGODlhAQABAAAAACH5BAEKAAEALAAAAAABAAEAAAICTAEAOw==\" data-src=\"https:\/\/cdn.shopify.com\/s\/files\/1\/0048\/0162\/6227\/files\/AttributeIcon_PM1_PM1.png?v=1650303653\" data-ly-processed=\"1725901262458\" \/><\/div>\n<p>Apr\u00e8s avoir soigneusement nettoy\u00e9 votre visage, appliquez l&rsquo;Exfoliant \u00e0 la vitamine C sur la peau humide. Massez doucement le visage ou le corps en effectuant des mouvements circulaires avec le bout des doigts, puis rincez compl\u00e8tement.<\/p>\n<div class=\"usage-details-wrapper\">\n<h6>D\u00c9TAILS<\/h6>\n<p>Commencez par des applications plusieurs fois par semaine, puis passez \u00e0 une utilisation quotidienne si vous le d\u00e9sirez.<\/p>\n<div class=\"usage-details-image-wrapper\">\n<div class=\"item-wrapper\">\n<p>PR\u00c9PARER CIBLER HYDRATER PROT\u00c9GERWater\/Eau, Synthetic Wax, Neopentyl Glycol Dicaprylate\/Dicaprate, Hydrogenated Polyisobutene, Glyceryl Stearate, PEG 100 Stearate, Propylene Glycol, Microcrystalline Wax, Cellulose, Cyclopentasiloxane, Dimethiconol, Acrylates\/Acrylamide Copolymer, Mineral Oil\/Huile Min\u00e9rale, Polysorbate 85, Phenoxyethanol, Methylparaben, Ethylparaben, Propylparaben, Butylparaben, Sorbitol, Cetearyl Alcohol, Cetyl Alcohol, Polysorbate 60, Stearyl Alcohol, Glycerin, Hydrolyzed Glycosaminoglycans, Hydroxyethylcellulose, Polydextrose, Sodium Hyaluronate, Parfum\/Fragrance, Xanthan Gum, Disodium EDTA, Sodium Ascorbyl Phosphate, FD&amp;C Yellow #5, FD&amp;C Red #40.<\/p>\n<\/div>\n<\/div>\n<\/div>\n<p>&nbsp;<\/p>","protected":false},"excerpt":{"rendered":"<p>Un exfoliant physique revitalisant pour le visage et le corps qui exfolie en douceur les impuret\u00e9s de la&#8230;<\/p>","protected":false},"featured_media":7419,"comment_status":"open","ping_status":"closed","template":"","meta":[],"product_brand":[],"product_cat":[38],"product_tag":[47],"class_list":{"0":"post-7418","1":"product","2":"type-product","3":"status-publish","4":"has-post-thumbnail","6":"product_cat-exfoliant","7":"product_tag-vivier","9":"first","10":"instock","11":"taxable","12":"shipping-taxable","13":"purchasable","14":"product-type-simple"},"jetpack_sharing_enabled":true,"_links":{"self":[{"href":"https:\/\/esthetique-k.com\/en\/wp-json\/wp\/v2\/product\/7418","targetHints":{"allow":["GET"]}}],"collection":[{"href":"https:\/\/esthetique-k.com\/en\/wp-json\/wp\/v2\/product"}],"about":[{"href":"https:\/\/esthetique-k.com\/en\/wp-json\/wp\/v2\/types\/product"}],"replies":[{"embeddable":true,"href":"https:\/\/esthetique-k.com\/en\/wp-json\/wp\/v2\/comments?post=7418"}],"wp:featuredmedia":[{"embeddable":true,"href":"https:\/\/esthetique-k.com\/en\/wp-json\/wp\/v2\/media\/7419"}],"wp:attachment":[{"href":"https:\/\/esthetique-k.com\/en\/wp-json\/wp\/v2\/media?parent=7418"}],"wp:term":[{"taxonomy":"product_brand","embeddable":true,"href":"https:\/\/esthetique-k.com\/en\/wp-json\/wp\/v2\/product_brand?post=7418"},{"taxonomy":"product_cat","embeddable":true,"href":"https:\/\/esthetique-k.com\/en\/wp-json\/wp\/v2\/product_cat?post=7418"},{"taxonomy":"product_tag","embeddable":true,"href":"https:\/\/esthetique-k.com\/en\/wp-json\/wp\/v2\/product_tag?post=7418"}],"curies":[{"name":"wp","href":"https:\/\/api.w.org\/{rel}","templated":true}]}}