{"id":7420,"date":"2024-09-09T17:12:33","date_gmt":"2024-09-09T17:12:33","guid":{"rendered":"https:\/\/esthetique-k.com\/?post_type=product&#038;p=7420"},"modified":"2024-09-12T20:36:01","modified_gmt":"2024-09-12T20:36:01","slug":"vivier-creme-exfoliante-aha-bha","status":"publish","type":"product","link":"https:\/\/esthetique-k.com\/en\/product\/vivier-creme-exfoliante-aha-bha\/","title":{"rendered":"Vivier Cr\u00e8me exfoliante AHA\/BHA"},"content":{"rendered":"<p>Une cr\u00e8me exfoliante 3 en 1 pour une peau lisse et impeccable. Formul\u00e9e avec des AHA et des BHA pour \u00e9liminer en douceur les cellules mortes de la peau et r\u00e9duire les imperfections. L&rsquo;ajout d&rsquo;antioxydants, vitamines C et E et de peptides procure des bienfaits anti-vieillissement, laissant la peau lisse, claire et purifi\u00e9<\/p>\n<div class=\"usage-icon-wrapper\"><img decoding=\"async\" class=\"lazyload\" src=\"data:image\/gif;base64,R0lGODlhAQABAAAAACH5BAEKAAEALAAAAAABAAEAAAICTAEAOw==\" data-src=\"https:\/\/cdn.shopify.com\/s\/files\/1\/0048\/0162\/6227\/files\/AttributeIcon_AM1_AM1.png?v=1650303585\" width=\"71\" height=\"71\" data-ly-processed=\"1725901718163\" \/><img decoding=\"async\" class=\"lazyload\" src=\"data:image\/gif;base64,R0lGODlhAQABAAAAACH5BAEKAAEALAAAAAABAAEAAAICTAEAOw==\" data-src=\"https:\/\/cdn.shopify.com\/s\/files\/1\/0048\/0162\/6227\/files\/AttributeIcon_PM1_PM1.png?v=1650303653\" width=\"72\" height=\"72\" data-ly-processed=\"1725901718163\" \/><\/div>\n<p>Nettoyez et tonifiez votre visage et appliquez vos s\u00e9rums l\u00e9gers avant de l&rsquo;utiliser. Appliquez une fine couche de la Cr\u00e8me Exfoliante AHA\/BHA une ou deux fois par jour, puis compl\u00e9tez avec une cr\u00e8me hydratante si vous le souhaitez.<\/p>\n<div class=\"usage-details-wrapper\">\n<h6>D\u00c9TAILS<\/h6>\n<h6>\u00c9vitez d&rsquo;utiliser des produits contenant des AHA dans le m\u00eame programme que le r\u00e9tinol. Ces ingr\u00e9dients sont les deux des exfoliants puissants et peuvent provoquer une sensibilit\u00e9 accrue. Il est donc recommand\u00e9 d&rsquo;alterner l&rsquo;utilisation de ces produits dans votre routine<\/h6>\n<h6><\/h6>\n<\/div>\n<p>&nbsp;<\/p>","protected":false},"excerpt":{"rendered":"<p>Une cr\u00e8me exfoliante 3 en 1 pour une peau lisse et impeccable. Formul\u00e9e avec des AHA et des&#8230;<\/p>","protected":false},"featured_media":7421,"comment_status":"open","ping_status":"closed","template":"","meta":[],"product_brand":[],"product_cat":[38],"product_tag":[47],"class_list":{"0":"post-7420","1":"product","2":"type-product","3":"status-publish","4":"has-post-thumbnail","6":"product_cat-exfoliant","7":"product_tag-vivier","9":"first","10":"instock","11":"taxable","12":"shipping-taxable","13":"purchasable","14":"product-type-simple"},"jetpack_sharing_enabled":true,"_links":{"self":[{"href":"https:\/\/esthetique-k.com\/en\/wp-json\/wp\/v2\/product\/7420","targetHints":{"allow":["GET"]}}],"collection":[{"href":"https:\/\/esthetique-k.com\/en\/wp-json\/wp\/v2\/product"}],"about":[{"href":"https:\/\/esthetique-k.com\/en\/wp-json\/wp\/v2\/types\/product"}],"replies":[{"embeddable":true,"href":"https:\/\/esthetique-k.com\/en\/wp-json\/wp\/v2\/comments?post=7420"}],"wp:featuredmedia":[{"embeddable":true,"href":"https:\/\/esthetique-k.com\/en\/wp-json\/wp\/v2\/media\/7421"}],"wp:attachment":[{"href":"https:\/\/esthetique-k.com\/en\/wp-json\/wp\/v2\/media?parent=7420"}],"wp:term":[{"taxonomy":"product_brand","embeddable":true,"href":"https:\/\/esthetique-k.com\/en\/wp-json\/wp\/v2\/product_brand?post=7420"},{"taxonomy":"product_cat","embeddable":true,"href":"https:\/\/esthetique-k.com\/en\/wp-json\/wp\/v2\/product_cat?post=7420"},{"taxonomy":"product_tag","embeddable":true,"href":"https:\/\/esthetique-k.com\/en\/wp-json\/wp\/v2\/product_tag?post=7420"}],"curies":[{"name":"wp","href":"https:\/\/api.w.org\/{rel}","templated":true}]}}