{"id":7424,"date":"2024-09-09T17:56:23","date_gmt":"2024-09-09T17:56:23","guid":{"rendered":"https:\/\/esthetique-k.com\/?post_type=product&#038;p=7424"},"modified":"2024-09-12T20:26:18","modified_gmt":"2024-09-12T20:26:18","slug":"vivier-peeling-enzymatique-illuminateur","status":"publish","type":"product","link":"https:\/\/esthetique-k.com\/en\/product\/vivier-peeling-enzymatique-illuminateur\/","title":{"rendered":"Vivier Peeling enzymatique illuminateur"},"content":{"rendered":"<p>Un peeling enzymatique doux et stimulant l&rsquo;\u00e9clat pour une utilisation \u00e0 domicile qui exfolie les cellules mortes, am\u00e9liore le renouvellement cutan\u00e9 et hydrate, pour r\u00e9v\u00e9ler une peau visiblement plus lumineuse, plus lisse, plus fra\u00eeche et plus nette. Formul\u00e9 avec 6 ingr\u00e9dients cl\u00e9s \u2013 acide glycolique, acide salicylique, enzymes tropicales, r\u00e9tinol, vitamine C et peptides \u2013 qui agissent en synergie pour affiner la surface de la peau et enlever les d\u00e9colorations ind\u00e9sirables tandis que les ingr\u00e9dients hydratants calment et r\u00e9confortent la peau pour de beaux r\u00e9sultats sans rougeur ni sensibilisation.<\/p>\n<p>Formul\u00e9 pour rehausser les bienfaits des autres produits Vivier dans votre routine.<\/p>\n<p>Id\u00e9al pour tous les types de peau<\/p>\n<p>Nettoyez et tonifiez votre peau. Si vous le d\u00e9sirez, vous pouvez appliquer votre s\u00e9rum \u00e0 la vitamine C Vivier pr\u00e9f\u00e9r\u00e9 avant l&rsquo;utilisation. Appliquez une couche g\u00e9n\u00e9reuse du Peeling enzymatique illuminateurMC. Il n&rsquo;est pas n\u00e9cessaire de le rincer. Si vous recherchez une hydratation suppl\u00e9mentaire, suivez avec une cr\u00e8me ou un hydratant Vivier.<\/p>\n<p>&nbsp;<\/p>\n<p>Recommand\u00e9 pour une utilisation deux \u00e0 trois fois par semaine le soir sur des jours non cons\u00e9cutifs, cependant le Peeling enzymatique illuminateurMC est suffisamment doux pour une utilisation quotidienne, si d\u00e9sir\u00e9. Si vous l&rsquo;incorporez dans une routine avec du r\u00e9tinol, utilisez-le en alternance le soir pour \u00e9viter toute sensibilit\u00e9 ou irritation.<\/p>\n<p>&nbsp;<\/p>\n<div class=\"usage-details-wrapper\">\n<h6>D\u00c9TAILS<\/h6>\n<p>Ce produit contient un m\u00e9lange optimis\u00e9 d&rsquo;exfoliants enzymatiques et chimiques, formul\u00e9s de mani\u00e8re experte avec notre r\u00e9tinol doux microencapsul\u00e9, garantissant une exfoliation efficace tout en minimisant les rougeurs et la sensibilisation.<\/p>\n<\/div>","protected":false},"excerpt":{"rendered":"<p>Un peeling enzymatique doux et stimulant l&rsquo;\u00e9clat pour une utilisation \u00e0 domicile qui exfolie les cellules mortes, am\u00e9liore&#8230;<\/p>","protected":false},"featured_media":7425,"comment_status":"open","ping_status":"closed","template":"","meta":[],"product_brand":[],"product_cat":[38],"product_tag":[47],"class_list":{"0":"post-7424","1":"product","2":"type-product","3":"status-publish","4":"has-post-thumbnail","6":"product_cat-exfoliant","7":"product_tag-vivier","9":"first","10":"instock","11":"taxable","12":"shipping-taxable","13":"purchasable","14":"product-type-simple"},"jetpack_sharing_enabled":true,"_links":{"self":[{"href":"https:\/\/esthetique-k.com\/en\/wp-json\/wp\/v2\/product\/7424","targetHints":{"allow":["GET"]}}],"collection":[{"href":"https:\/\/esthetique-k.com\/en\/wp-json\/wp\/v2\/product"}],"about":[{"href":"https:\/\/esthetique-k.com\/en\/wp-json\/wp\/v2\/types\/product"}],"replies":[{"embeddable":true,"href":"https:\/\/esthetique-k.com\/en\/wp-json\/wp\/v2\/comments?post=7424"}],"wp:featuredmedia":[{"embeddable":true,"href":"https:\/\/esthetique-k.com\/en\/wp-json\/wp\/v2\/media\/7425"}],"wp:attachment":[{"href":"https:\/\/esthetique-k.com\/en\/wp-json\/wp\/v2\/media?parent=7424"}],"wp:term":[{"taxonomy":"product_brand","embeddable":true,"href":"https:\/\/esthetique-k.com\/en\/wp-json\/wp\/v2\/product_brand?post=7424"},{"taxonomy":"product_cat","embeddable":true,"href":"https:\/\/esthetique-k.com\/en\/wp-json\/wp\/v2\/product_cat?post=7424"},{"taxonomy":"product_tag","embeddable":true,"href":"https:\/\/esthetique-k.com\/en\/wp-json\/wp\/v2\/product_tag?post=7424"}],"curies":[{"name":"wp","href":"https:\/\/api.w.org\/{rel}","templated":true}]}}