{"id":7429,"date":"2024-09-09T21:28:06","date_gmt":"2024-09-09T21:28:06","guid":{"rendered":"https:\/\/esthetique-k.com\/?post_type=product&#038;p=7429"},"modified":"2024-09-12T20:22:21","modified_gmt":"2024-09-12T20:22:21","slug":"vivier-nettoyant-ultra-moussant","status":"publish","type":"product","link":"https:\/\/esthetique-k.com\/en\/product\/vivier-nettoyant-ultra-moussant\/","title":{"rendered":"Vivier Nettoyant Ultra Moussant"},"content":{"rendered":"<p><span lang=\"FR-CA\">Une mousse instantan\u00e9e qui nettoie en profondeur en \u00e9liminant l\u2019exc\u00e8s de s\u00e9bum et les impuret\u00e9s qui obstruent les pores sans priver la peau de son hydratation essentielle. Formul\u00e9e avec de la vitamine C, de l\u2019acide citrique et de la glyc\u00e9rine pour illuminer et hydrater la peau, pour une apparence fra\u00eeche et radieuse.<\/span><\/p>\n<div class=\"rte__table-wrapper\">\n<table style=\"width: 82.37707020526668%; height: 197px;\">\n<tbody>\n<tr>\n<td style=\"width: 45.494901814711625%;\">\u2713\u00a0<span lang=\"FR-CA\">Auto-moussant (liquide \u00e0 mousse)<\/span><\/p>\n<p style=\"font-weight: 400;\">\u2713\u00a0<span lang=\"FR-CA\">Formule non irritante et r\u00e9confortante<\/span><\/p>\n<p style=\"font-weight: 400;\">\u2713\u00a0<span lang=\"FR-CA\">Prot\u00e8ge la barri\u00e8re d\u2019hydratation de la peau<\/span><\/p>\n<\/td>\n<td style=\"width: 34.640719543256274%;\">\n<p style=\"font-weight: 400;\">\u2713 pH\u00a0<span lang=\"FR-CA\">\u00e9quilibr\u00e9<\/span><\/p>\n<p style=\"font-weight: 400;\">\u2713\u00a0<span lang=\"FR-CA\">Id\u00e9al pour tous les types de peau<\/span><\/p>\n<\/td>\n<\/tr>\n<\/tbody>\n<\/table>\n<\/div>","protected":false},"excerpt":{"rendered":"<p>Une mousse instantan\u00e9e qui nettoie en profondeur en \u00e9liminant l\u2019exc\u00e8s de s\u00e9bum et les impuret\u00e9s qui obstruent les&#8230;<\/p>","protected":false},"featured_media":7431,"comment_status":"open","ping_status":"closed","template":"","meta":[],"product_brand":[],"product_cat":[36],"product_tag":[47],"class_list":{"0":"post-7429","1":"product","2":"type-product","3":"status-publish","4":"has-post-thumbnail","6":"product_cat-nettoyant","7":"product_tag-vivier","9":"first","10":"instock","11":"taxable","12":"shipping-taxable","13":"purchasable","14":"product-type-simple"},"jetpack_sharing_enabled":true,"_links":{"self":[{"href":"https:\/\/esthetique-k.com\/en\/wp-json\/wp\/v2\/product\/7429","targetHints":{"allow":["GET"]}}],"collection":[{"href":"https:\/\/esthetique-k.com\/en\/wp-json\/wp\/v2\/product"}],"about":[{"href":"https:\/\/esthetique-k.com\/en\/wp-json\/wp\/v2\/types\/product"}],"replies":[{"embeddable":true,"href":"https:\/\/esthetique-k.com\/en\/wp-json\/wp\/v2\/comments?post=7429"}],"wp:featuredmedia":[{"embeddable":true,"href":"https:\/\/esthetique-k.com\/en\/wp-json\/wp\/v2\/media\/7431"}],"wp:attachment":[{"href":"https:\/\/esthetique-k.com\/en\/wp-json\/wp\/v2\/media?parent=7429"}],"wp:term":[{"taxonomy":"product_brand","embeddable":true,"href":"https:\/\/esthetique-k.com\/en\/wp-json\/wp\/v2\/product_brand?post=7429"},{"taxonomy":"product_cat","embeddable":true,"href":"https:\/\/esthetique-k.com\/en\/wp-json\/wp\/v2\/product_cat?post=7429"},{"taxonomy":"product_tag","embeddable":true,"href":"https:\/\/esthetique-k.com\/en\/wp-json\/wp\/v2\/product_tag?post=7429"}],"curies":[{"name":"wp","href":"https:\/\/api.w.org\/{rel}","templated":true}]}}