{"id":7435,"date":"2024-09-09T21:45:07","date_gmt":"2024-09-09T21:45:07","guid":{"rendered":"https:\/\/esthetique-k.com\/?post_type=product&#038;p=7435"},"modified":"2024-09-12T19:06:41","modified_gmt":"2024-09-12T19:06:41","slug":"vivier-nettoyant-hexam","status":"publish","type":"product","link":"https:\/\/esthetique-k.com\/en\/product\/vivier-nettoyant-hexam\/","title":{"rendered":"Vivier NETTOYANT HEXAM"},"content":{"rendered":"<p>Un gel nettoyant doux qui \u00e9limine la salet\u00e9, l&rsquo;exc\u00e8s de s\u00e9bum et dissout le maquillage. Formul\u00e9 avec de l&rsquo;hexamidine, un agent antimicrobien et antibact\u00e9rien qui purifie les pores sans ass\u00e9cher la peau. Ses propri\u00e9t\u00e9s \u00e9mollientes laissent la peau douce et souple.<\/p>\n<p>Pour tous les types de peau, y compris les peaux sensibles, grasses et \u00e0 tendance acn\u00e9ique<\/p>\n<div class=\"usage-icon-wrapper\"><img decoding=\"async\" class=\"lazyload\" src=\"data:image\/gif;base64,R0lGODlhAQABAAAAACH5BAEKAAEALAAAAAABAAEAAAICTAEAOw==\" data-src=\"https:\/\/cdn.shopify.com\/s\/files\/1\/0048\/0162\/6227\/files\/AttributeIcon_AM1_AM1.png?v=1650303585\" width=\"77\" height=\"77\" data-ly-processed=\"1725917926932\" \/><img decoding=\"async\" class=\"lazyload\" src=\"data:image\/gif;base64,R0lGODlhAQABAAAAACH5BAEKAAEALAAAAAABAAEAAAICTAEAOw==\" data-src=\"https:\/\/cdn.shopify.com\/s\/files\/1\/0048\/0162\/6227\/files\/AttributeIcon_PM1_PM1.png?v=1650303653\" width=\"78\" height=\"78\" data-ly-processed=\"1725917926932\" \/><\/div>\n<p>Humidifiez le visage avec de l&rsquo;eau ti\u00e8de. Massez HEXAM sur le visage et le cou avec le bout des doigts et rincez compl\u00e8tement. Utilisez une ou deux fois par jour, suivi de vos produits cibles, d&rsquo;une cr\u00e8me hydratante et d&rsquo;un \u00e9cran solaire si vous le souhaitez.<\/p>\n<div class=\"usage-details-wrapper\">\n<h6>D\u00c9TAILS<\/h6>\n<h6>Si vous portez du maquillage, il est recommand\u00e9 de proc\u00e9der \u00e0 un double nettoyage du visage pour s&rsquo;assurer que votre peau est propre avant d&rsquo;appliquer d&rsquo;autres produits<\/h6>\n<h6><button class=\"accordion__title accordion-is-open\" data-accordion-trigger=\"description-2\" aria-controls=\"description-2\" aria-haspopup=\"true\" aria-expanded=\"false\">INGR\u00c9DIENTS<\/button><\/h6>\n<h6><span style=\"font-size: 16px;\">Citric Acid, Cocamidopropyl PG-Dimonium Chloride Phosphate, Decyl Glucoside, Disodium Cocoamphodiacetate, DMDM Hydantoin, Ethoxydiglycol, Fragrance, Hexamidine Diisethionate, PEG-120 Methyl Glucose Dioleate, Water\/Eau.<\/span><\/h6>\n<\/div>\n<p>&nbsp;<\/p>","protected":false},"excerpt":{"rendered":"<p>Un gel nettoyant doux qui \u00e9limine la salet\u00e9, l&rsquo;exc\u00e8s de s\u00e9bum et dissout le maquillage. Formul\u00e9 avec de&#8230;<\/p>","protected":false},"featured_media":7436,"comment_status":"open","ping_status":"closed","template":"","meta":[],"product_brand":[],"product_cat":[36],"product_tag":[47],"class_list":{"0":"post-7435","1":"product","2":"type-product","3":"status-publish","4":"has-post-thumbnail","6":"product_cat-nettoyant","7":"product_tag-vivier","9":"first","10":"instock","11":"taxable","12":"shipping-taxable","13":"purchasable","14":"product-type-simple"},"jetpack_sharing_enabled":true,"_links":{"self":[{"href":"https:\/\/esthetique-k.com\/en\/wp-json\/wp\/v2\/product\/7435","targetHints":{"allow":["GET"]}}],"collection":[{"href":"https:\/\/esthetique-k.com\/en\/wp-json\/wp\/v2\/product"}],"about":[{"href":"https:\/\/esthetique-k.com\/en\/wp-json\/wp\/v2\/types\/product"}],"replies":[{"embeddable":true,"href":"https:\/\/esthetique-k.com\/en\/wp-json\/wp\/v2\/comments?post=7435"}],"wp:featuredmedia":[{"embeddable":true,"href":"https:\/\/esthetique-k.com\/en\/wp-json\/wp\/v2\/media\/7436"}],"wp:attachment":[{"href":"https:\/\/esthetique-k.com\/en\/wp-json\/wp\/v2\/media?parent=7435"}],"wp:term":[{"taxonomy":"product_brand","embeddable":true,"href":"https:\/\/esthetique-k.com\/en\/wp-json\/wp\/v2\/product_brand?post=7435"},{"taxonomy":"product_cat","embeddable":true,"href":"https:\/\/esthetique-k.com\/en\/wp-json\/wp\/v2\/product_cat?post=7435"},{"taxonomy":"product_tag","embeddable":true,"href":"https:\/\/esthetique-k.com\/en\/wp-json\/wp\/v2\/product_tag?post=7435"}],"curies":[{"name":"wp","href":"https:\/\/api.w.org\/{rel}","templated":true}]}}