{"id":7437,"date":"2024-09-09T22:22:47","date_gmt":"2024-09-09T22:22:47","guid":{"rendered":"https:\/\/esthetique-k.com\/?post_type=product&#038;p=7437"},"modified":"2024-09-12T18:49:18","modified_gmt":"2024-09-12T18:49:18","slug":"vivier-hydratant-anti-age","status":"publish","type":"product","link":"https:\/\/esthetique-k.com\/en\/product\/vivier-hydratant-anti-age\/","title":{"rendered":"Vivier Hydratant anti-\u00e2ge de jour"},"content":{"rendered":"<div class=\"usage-details-wrapper\">\n<div id=\"description-2\" class=\"accordion__body\" data-accordion-body=\"\">\n<div class=\"ingredient-icon-wrapper\">\n<div class=\"item-wrapper\">\n<p>Une cr\u00e8me de jour l\u00e9g\u00e8re et hydratante formul\u00e9e avec des antioxydants et des agents hydratants pour augmenter la douceur tout en diminuant les signes de vieillissement. La peau est \u00e9clatante, nourrie et hydrat\u00e9e<\/p>\n<div class=\"usage-icon-wrapper\"><img decoding=\"async\" class=\"lazyload\" src=\"data:image\/gif;base64,R0lGODlhAQABAAAAACH5BAEKAAEALAAAAAABAAEAAAICTAEAOw==\" data-src=\"https:\/\/cdn.shopify.com\/s\/files\/1\/0048\/0162\/6227\/files\/AttributeIcon_AM1_AM1.png?v=1650303585\" width=\"73\" height=\"73\" data-ly-processed=\"1725920418885\" \/><\/div>\n<p>Nettoyez et tonifiez votre visage et appliquez vos s\u00e9rum l\u00e9ger et produits cibles avant l&rsquo;utilisation. Appliquez l&rsquo;hydratant anti-\u00e2ge de jour une fois par jour, le matin, suivi d&rsquo;un \u00e9cran solaire.<\/p>\n<div class=\"usage-details-wrapper\">\n<h6>D\u00c9TAILS<\/h6>\n<h6>Une r\u00e8gle g\u00e9n\u00e9rale \u00e0 suivre lorsque vous superposez des produits est de les appliquer de la texture la plus fine \u00e0 la plus \u00e9paisse<\/h6>\n<h6><button class=\"accordion__title accordion-is-open\" data-accordion-trigger=\"description-2\" aria-controls=\"description-2\" aria-haspopup=\"true\" aria-expanded=\"false\">INGR\u00c9DIENTS<\/button><\/h6>\n<h6><span style=\"font-size: 16px;\">Water\/Eau, Squalane, Dicaprylyl, Carbonate, Cetearyl Olivate, Glycerin, Sorbitan, Olivate, Saccharide Isomerate, Butyrospermum Parkii (Shea) Butter, Allantoin, Sodium Ascorbyl, Phosphate, Helianthus Anuus (Sunflower) Seed Oil, Rosmarinus Officinalis (Rosemary) Leaf Extract,Hydrolyzed Glycosaminoglycans, Tocopherol,Sodium Hyaluronate, Tocopheryl Acetate, Argania Spinosa Kernel Oil, Citric Acid, Sodium Citrate, Polydextrose, Propylene Glycol, DMDM Hydantoin, Carbomer, Triethanolamine, Hydroxyethylcellulose, Caprylic\/Capric Triglyceride, Hexylene Glycol, Phenoxyethanol, Caprylyl Glycol, Behenyl Alcohol, Propylparaben, Methylparaben, Parfum\/Fragrance..<\/span><\/h6>\n<\/div>\n<p>&nbsp;<\/p>\n<\/div>\n<\/div>\n<\/div>\n<\/div>\n<p>&nbsp;<\/p>","protected":false},"excerpt":{"rendered":"<p>Une cr\u00e8me de jour l\u00e9g\u00e8re et hydratante formul\u00e9e avec des antioxydants et des agents hydratants pour augmenter la&#8230;<\/p>","protected":false},"featured_media":7438,"comment_status":"open","ping_status":"closed","template":"","meta":[],"product_brand":[],"product_cat":[43],"product_tag":[47],"class_list":{"0":"post-7437","1":"product","2":"type-product","3":"status-publish","4":"has-post-thumbnail","6":"product_cat-hydratants","7":"product_tag-vivier","9":"first","10":"instock","11":"taxable","12":"shipping-taxable","13":"purchasable","14":"product-type-simple"},"jetpack_sharing_enabled":true,"_links":{"self":[{"href":"https:\/\/esthetique-k.com\/en\/wp-json\/wp\/v2\/product\/7437","targetHints":{"allow":["GET"]}}],"collection":[{"href":"https:\/\/esthetique-k.com\/en\/wp-json\/wp\/v2\/product"}],"about":[{"href":"https:\/\/esthetique-k.com\/en\/wp-json\/wp\/v2\/types\/product"}],"replies":[{"embeddable":true,"href":"https:\/\/esthetique-k.com\/en\/wp-json\/wp\/v2\/comments?post=7437"}],"wp:featuredmedia":[{"embeddable":true,"href":"https:\/\/esthetique-k.com\/en\/wp-json\/wp\/v2\/media\/7438"}],"wp:attachment":[{"href":"https:\/\/esthetique-k.com\/en\/wp-json\/wp\/v2\/media?parent=7437"}],"wp:term":[{"taxonomy":"product_brand","embeddable":true,"href":"https:\/\/esthetique-k.com\/en\/wp-json\/wp\/v2\/product_brand?post=7437"},{"taxonomy":"product_cat","embeddable":true,"href":"https:\/\/esthetique-k.com\/en\/wp-json\/wp\/v2\/product_cat?post=7437"},{"taxonomy":"product_tag","embeddable":true,"href":"https:\/\/esthetique-k.com\/en\/wp-json\/wp\/v2\/product_tag?post=7437"}],"curies":[{"name":"wp","href":"https:\/\/api.w.org\/{rel}","templated":true}]}}