{"id":7451,"date":"2024-09-09T23:30:50","date_gmt":"2024-09-09T23:30:50","guid":{"rendered":"https:\/\/esthetique-k.com\/?post_type=product&#038;p=7451"},"modified":"2024-09-11T15:25:35","modified_gmt":"2024-09-11T15:25:35","slug":"vivier-serum-c-e-peptides","status":"publish","type":"product","link":"https:\/\/esthetique-k.com\/en\/product\/vivier-serum-c-e-peptides\/","title":{"rendered":"Vivier serum C E PEPTIDES"},"content":{"rendered":"<p>Un puissant s\u00e9rum antioxydant polyvalent con\u00e7u pour cibler les signes de vieillissement et r\u00e9duire les autres signes du vieillissement. Ce s\u00e9rum best-seller contient 10% de vitamine C, de vitamine E et une combinaison de 3 peptides exclusifs pour prot\u00e9ger, corriger,\u00e9claircir et nourrir la peau. Les ridules sont liss\u00e9es et la peau est douce, \u00e9clatante et hydrat\u00e9e.<\/p>\n<p>Pour peaux normales \u00e0 s\u00e8ches<\/p>\n<div class=\"usage-icon-wrapper\"><img decoding=\"async\" class=\"lazyload\" src=\"data:image\/gif;base64,R0lGODlhAQABAAAAACH5BAEKAAEALAAAAAABAAEAAAICTAEAOw==\" data-src=\"https:\/\/cdn.shopify.com\/s\/files\/1\/0048\/0162\/6227\/files\/AttributeIcon_AM1_AM1.png?v=1650303585\" width=\"65\" height=\"65\" data-ly-processed=\"1725924430653\" \/><img decoding=\"async\" class=\"lazyload\" src=\"data:image\/gif;base64,R0lGODlhAQABAAAAACH5BAEKAAEALAAAAAABAAEAAAICTAEAOw==\" data-src=\"https:\/\/cdn.shopify.com\/s\/files\/1\/0048\/0162\/6227\/files\/AttributeIcon_PM1_PM1.png?v=1650303653\" width=\"67\" height=\"67\" data-ly-processed=\"1725924430653\" \/><\/div>\n<p>Nettoyez et tonifiez votre visage avant de l&rsquo;utiliser. D\u00e9posez 2 \u00e0 3 gouttes de C E PEPTIDES dans la paume de votre main et appliquez avec le bout des doigts une fine couche sur le visage, le cou, le d\u00e9collet\u00e9 et le dos des mains, comme vous le souhaitez, une ou deux fois par jour. Faites suivre de votre r\u00e9tinol ou d&rsquo;autres produits cibles, d&rsquo;une cr\u00e8me hydratante et un \u00e9cran solaire si d\u00e9sir\u00e9.<\/p>\n<div class=\"usage-details-wrapper\">\n<h6>D\u00c9TAILS<\/h6>\n<p>Une r\u00e8gle g\u00e9n\u00e9rale \u00e0 suivre lorsque vous superposez des produits est de les appliquer de la texture la plus fine \u00e0 la plus \u00e9paisse<\/p>\n<p><button class=\"accordion__title accordion-is-open\" data-accordion-trigger=\"description-2\" aria-controls=\"description-2\" aria-haspopup=\"true\" aria-expanded=\"false\">INGR\u00c9DIENTS<\/button><\/p>\n<div id=\"description-2\" class=\"accordion__body\" data-accordion-body=\"\">\n<p><strong>ACIDE L-ASCORBIQUE USP 10 % (Vitamine C) <\/strong><\/p>\n<p>&nbsp;<\/p>\n<\/div>\n<\/div>\n<p>&nbsp;<\/p>","protected":false},"excerpt":{"rendered":"<p>Un puissant s\u00e9rum antioxydant polyvalent con\u00e7u pour cibler les signes de vieillissement et r\u00e9duire les autres signes du&#8230;<\/p>","protected":false},"featured_media":7452,"comment_status":"open","ping_status":"closed","template":"","meta":[],"product_brand":[],"product_cat":[39],"product_tag":[47],"class_list":{"0":"post-7451","1":"product","2":"type-product","3":"status-publish","4":"has-post-thumbnail","6":"product_cat-serums","7":"product_tag-vivier","9":"first","10":"instock","11":"taxable","12":"shipping-taxable","13":"purchasable","14":"product-type-simple"},"jetpack_sharing_enabled":true,"_links":{"self":[{"href":"https:\/\/esthetique-k.com\/en\/wp-json\/wp\/v2\/product\/7451","targetHints":{"allow":["GET"]}}],"collection":[{"href":"https:\/\/esthetique-k.com\/en\/wp-json\/wp\/v2\/product"}],"about":[{"href":"https:\/\/esthetique-k.com\/en\/wp-json\/wp\/v2\/types\/product"}],"replies":[{"embeddable":true,"href":"https:\/\/esthetique-k.com\/en\/wp-json\/wp\/v2\/comments?post=7451"}],"wp:featuredmedia":[{"embeddable":true,"href":"https:\/\/esthetique-k.com\/en\/wp-json\/wp\/v2\/media\/7452"}],"wp:attachment":[{"href":"https:\/\/esthetique-k.com\/en\/wp-json\/wp\/v2\/media?parent=7451"}],"wp:term":[{"taxonomy":"product_brand","embeddable":true,"href":"https:\/\/esthetique-k.com\/en\/wp-json\/wp\/v2\/product_brand?post=7451"},{"taxonomy":"product_cat","embeddable":true,"href":"https:\/\/esthetique-k.com\/en\/wp-json\/wp\/v2\/product_cat?post=7451"},{"taxonomy":"product_tag","embeddable":true,"href":"https:\/\/esthetique-k.com\/en\/wp-json\/wp\/v2\/product_tag?post=7451"}],"curies":[{"name":"wp","href":"https:\/\/api.w.org\/{rel}","templated":true}]}}