{"id":7453,"date":"2024-09-09T23:34:22","date_gmt":"2024-09-09T23:34:22","guid":{"rendered":"https:\/\/esthetique-k.com\/?post_type=product&#038;p=7453"},"modified":"2024-09-11T15:24:03","modified_gmt":"2024-09-11T15:24:03","slug":"vivier-serum-radiance","status":"publish","type":"product","link":"https:\/\/esthetique-k.com\/en\/product\/vivier-serum-radiance\/","title":{"rendered":"Vivier S\u00e9rum radiance"},"content":{"rendered":"<p>Un s\u00e9rum antioxydant polyvalent con\u00e7u pour cibler le teint l\u00e9g\u00e8rement \u00e0 mod\u00e9r\u00e9ment irr\u00e9gulier tout en r\u00e9duisant les signes de vieillissement. Formul\u00e9 avec de l&rsquo;arbutine et du r\u00e9sorcinol pour stimuler le renouvellement cellulaire et \u00e9claircir naturellement l&rsquo;apparence des taches brunes et 8% de vitamine C pour r\u00e9duire l&rsquo;apparence des ridules. La peau est radieuse, avec un teint et une texture plus uniformes.<\/p>\n<p>Pour tous les types de peau<\/p>\n<div class=\"usage-icon-wrapper\"><img decoding=\"async\" class=\"lazyload\" src=\"data:image\/gif;base64,R0lGODlhAQABAAAAACH5BAEKAAEALAAAAAABAAEAAAICTAEAOw==\" data-src=\"https:\/\/cdn.shopify.com\/s\/files\/1\/0048\/0162\/6227\/files\/AttributeIcon_AM1_AM1.png?v=1650303585\" width=\"71\" height=\"71\" data-ly-processed=\"1725924675066\" \/><img decoding=\"async\" class=\"lazyload\" src=\"data:image\/gif;base64,R0lGODlhAQABAAAAACH5BAEKAAEALAAAAAABAAEAAAICTAEAOw==\" data-src=\"https:\/\/cdn.shopify.com\/s\/files\/1\/0048\/0162\/6227\/files\/AttributeIcon_PM1_PM1.png?v=1650303653\" width=\"73\" height=\"73\" data-ly-processed=\"1725924675066\" \/><\/div>\n<p>Nettoyez et tonifiez votre visage avant l&rsquo;utilisation. D\u00e9posez 2 \u00e0 3 gouttes de S\u00e9rum Radiance dans la paume de votre main et appliquez avec le bout des doigts une couche fine sur le visage, le cou, le d\u00e9collet\u00e9 et le dos des mains comme d\u00e9sir\u00e9, une ou deux fois par jour. Faites suivre de votre r\u00e9tinol ou d&rsquo;autres produits cibles, d&rsquo;une cr\u00e8me hydratante et d&rsquo;un \u00e9cran solaire, comme d\u00e9sir\u00e9.<\/p>\n<div class=\"usage-details-wrapper\">\n<h6>D\u00c9TAILS<\/h6>\n<p>Une r\u00e8gle g\u00e9n\u00e9rale \u00e0 suivre lorsque vous superposez des produits est de les appliquer de la texture la plus fine \u00e0 la plus \u00e9paisse.<\/p>\n<p><button class=\"accordion__title accordion-is-open\" data-accordion-trigger=\"description-2\" aria-controls=\"description-2\" aria-haspopup=\"true\" aria-expanded=\"false\">INGR\u00c9DIENTS<\/button><\/p>\n<div id=\"description-2\" class=\"accordion__body\" data-accordion-body=\"\">\n<p>Ethoxydiglycol, Propylene Glycol, Water\/Eau, L-Ascorbic Acid USP, Alpha-Arbutin, Alcohol, Citrus Grandis (Grapefruit) Extract, Fragrance, 4-Butylresorcinol.<\/p>\n<\/div>\n<\/div>\n<p>&nbsp;<\/p>","protected":false},"excerpt":{"rendered":"<p>Un s\u00e9rum antioxydant polyvalent con\u00e7u pour cibler le teint l\u00e9g\u00e8rement \u00e0 mod\u00e9r\u00e9ment irr\u00e9gulier tout en r\u00e9duisant les signes&#8230;<\/p>","protected":false},"featured_media":7454,"comment_status":"open","ping_status":"closed","template":"","meta":[],"product_brand":[],"product_cat":[39],"product_tag":[47],"class_list":{"0":"post-7453","1":"product","2":"type-product","3":"status-publish","4":"has-post-thumbnail","6":"product_cat-serums","7":"product_tag-vivier","9":"first","10":"instock","11":"taxable","12":"shipping-taxable","13":"purchasable","14":"product-type-simple"},"jetpack_sharing_enabled":true,"_links":{"self":[{"href":"https:\/\/esthetique-k.com\/en\/wp-json\/wp\/v2\/product\/7453","targetHints":{"allow":["GET"]}}],"collection":[{"href":"https:\/\/esthetique-k.com\/en\/wp-json\/wp\/v2\/product"}],"about":[{"href":"https:\/\/esthetique-k.com\/en\/wp-json\/wp\/v2\/types\/product"}],"replies":[{"embeddable":true,"href":"https:\/\/esthetique-k.com\/en\/wp-json\/wp\/v2\/comments?post=7453"}],"wp:featuredmedia":[{"embeddable":true,"href":"https:\/\/esthetique-k.com\/en\/wp-json\/wp\/v2\/media\/7454"}],"wp:attachment":[{"href":"https:\/\/esthetique-k.com\/en\/wp-json\/wp\/v2\/media?parent=7453"}],"wp:term":[{"taxonomy":"product_brand","embeddable":true,"href":"https:\/\/esthetique-k.com\/en\/wp-json\/wp\/v2\/product_brand?post=7453"},{"taxonomy":"product_cat","embeddable":true,"href":"https:\/\/esthetique-k.com\/en\/wp-json\/wp\/v2\/product_cat?post=7453"},{"taxonomy":"product_tag","embeddable":true,"href":"https:\/\/esthetique-k.com\/en\/wp-json\/wp\/v2\/product_tag?post=7453"}],"curies":[{"name":"wp","href":"https:\/\/api.w.org\/{rel}","templated":true}]}}