{"id":7455,"date":"2024-09-09T23:38:28","date_gmt":"2024-09-09T23:38:28","guid":{"rendered":"https:\/\/esthetique-k.com\/?post_type=product&#038;p=7455"},"modified":"2024-09-11T15:05:15","modified_gmt":"2024-09-11T15:05:15","slug":"vivier-serum-grenzcine","status":"publish","type":"product","link":"https:\/\/esthetique-k.com\/en\/product\/vivier-serum-grenzcine\/","title":{"rendered":"Vivier S\u00e9rum GrenzCine"},"content":{"rendered":"<p>Un s\u00e9rum multifonctionnel r\u00e9volutionnaire \u00e0 base de facteurs de croissance con\u00e7u pour cibler les peaux fines, les rides profondes et d&rsquo;autres signes avanc\u00e9s du vieillissement. Formul\u00e9 avec une combinaison exclusive de facteurs de croissance de polyamine et 10 % de vitamine C pour \u00e9paissir, raffermir, r\u00e9parer et hydrater la peau. Les rides semblent att\u00e9nu\u00e9es et la peau est visiblement plus volumineuse et plus \u00e9clatante.<\/p>\n<p>Pour tous les types de peau<\/p>\n<div class=\"usage-icon-wrapper\"><img decoding=\"async\" class=\"lazyload\" src=\"data:image\/gif;base64,R0lGODlhAQABAAAAACH5BAEKAAEALAAAAAABAAEAAAICTAEAOw==\" data-src=\"https:\/\/cdn.shopify.com\/s\/files\/1\/0048\/0162\/6227\/files\/AttributeIcon_AM1_AM1.png?v=1650303585\" width=\"66\" height=\"66\" data-ly-processed=\"1725924913936\" \/><img decoding=\"async\" class=\"lazyload\" src=\"data:image\/gif;base64,R0lGODlhAQABAAAAACH5BAEKAAEALAAAAAABAAEAAAICTAEAOw==\" data-src=\"https:\/\/cdn.shopify.com\/s\/files\/1\/0048\/0162\/6227\/files\/AttributeIcon_PM1_PM1.png?v=1650303653\" width=\"65\" height=\"65\" data-ly-processed=\"1725924913936\" \/><\/div>\n<p>Nettoyez et tonifiez votre visage avant de l&rsquo;utiliser. D\u00e9posez 2 \u00e0 3 gouttes de GrenzCine serum dans la paume de votre main et appliquez avec le bout des doigts une fine couche sur le visage, le cou, le d\u00e9collet\u00e9 et le dos des mains, comme vous le souhaitez, une ou deux fois par jour. Faites suivre de votre r\u00e9tinol ou d&rsquo;autres produits cibles, d&rsquo;une cr\u00e8me hydratante et un \u00e9cran solaire si d\u00e9sir\u00e9.<\/p>\n<div class=\"usage-details-wrapper\">\n<h6>D\u00c9TAILS<\/h6>\n<p>Une r\u00e8gle g\u00e9n\u00e9rale \u00e0 suivre lorsque vous superposez des produits est de les appliquer de la texture la plus fine \u00e0 la plus \u00e9paisse.<\/p>\n<p><button class=\"accordion__title accordion-is-open\" data-accordion-trigger=\"description-2\" aria-controls=\"description-2\" aria-haspopup=\"true\" aria-expanded=\"false\">INGR\u00c9DIENTS<\/button><\/p>\n<div id=\"description-2\" class=\"accordion__body\" data-accordion-body=\"\">\n<p>Ethoxydiglycol, Propylene Glycol, Water\/Eau, L-Ascorbic Acid USP, Grapefruit (Citrus Grandis) Extract, 1,4-Diaminobutane Dihydrochloride (Polyamine-DAB), Fragrance.<\/p>\n<\/div>\n<\/div>\n<p>&nbsp;<\/p>","protected":false},"excerpt":{"rendered":"<p>Un s\u00e9rum multifonctionnel r\u00e9volutionnaire \u00e0 base de facteurs de croissance con\u00e7u pour cibler les peaux fines, les rides&#8230;<\/p>","protected":false},"featured_media":7456,"comment_status":"open","ping_status":"closed","template":"","meta":[],"product_brand":[],"product_cat":[39],"product_tag":[47],"class_list":{"0":"post-7455","1":"product","2":"type-product","3":"status-publish","4":"has-post-thumbnail","6":"product_cat-serums","7":"product_tag-vivier","9":"first","10":"instock","11":"taxable","12":"shipping-taxable","13":"purchasable","14":"product-type-simple"},"jetpack_sharing_enabled":true,"_links":{"self":[{"href":"https:\/\/esthetique-k.com\/en\/wp-json\/wp\/v2\/product\/7455","targetHints":{"allow":["GET"]}}],"collection":[{"href":"https:\/\/esthetique-k.com\/en\/wp-json\/wp\/v2\/product"}],"about":[{"href":"https:\/\/esthetique-k.com\/en\/wp-json\/wp\/v2\/types\/product"}],"replies":[{"embeddable":true,"href":"https:\/\/esthetique-k.com\/en\/wp-json\/wp\/v2\/comments?post=7455"}],"wp:featuredmedia":[{"embeddable":true,"href":"https:\/\/esthetique-k.com\/en\/wp-json\/wp\/v2\/media\/7456"}],"wp:attachment":[{"href":"https:\/\/esthetique-k.com\/en\/wp-json\/wp\/v2\/media?parent=7455"}],"wp:term":[{"taxonomy":"product_brand","embeddable":true,"href":"https:\/\/esthetique-k.com\/en\/wp-json\/wp\/v2\/product_brand?post=7455"},{"taxonomy":"product_cat","embeddable":true,"href":"https:\/\/esthetique-k.com\/en\/wp-json\/wp\/v2\/product_cat?post=7455"},{"taxonomy":"product_tag","embeddable":true,"href":"https:\/\/esthetique-k.com\/en\/wp-json\/wp\/v2\/product_tag?post=7455"}],"curies":[{"name":"wp","href":"https:\/\/api.w.org\/{rel}","templated":true}]}}