{"id":7457,"date":"2024-09-09T23:42:26","date_gmt":"2024-09-09T23:42:26","guid":{"rendered":"https:\/\/esthetique-k.com\/?post_type=product&#038;p=7457"},"modified":"2024-09-11T15:22:02","modified_gmt":"2024-09-11T15:22:02","slug":"vivier-serum-retinol-0-5","status":"publish","type":"product","link":"https:\/\/esthetique-k.com\/en\/product\/vivier-serum-retinol-0-5\/","title":{"rendered":"Vivier serum  Retinol 0.5%"},"content":{"rendered":"<p>Un complexe de r\u00e9tinol puissant, mais doux con\u00e7u pour cibler les probl\u00e8mes de peau mod\u00e9r\u00e9s. Notre formule utilise la technologie de pointe Poly-Pore\u00ae*, pour encapsuler notre r\u00e9tinol pur \u00e0 haute puissance et le lib\u00e9rer doucement dans le temps pour r\u00e9duire visiblement l\u2019apparence des rides et ridules, am\u00e9liorer le teint et la texture de la peau, et r\u00e9duire les \u00e9ruptions cutan\u00e9es, sans l&rsquo;irritation et les rougeurs souvent associ\u00e9es aux produits \u00e0 base de r\u00e9tinol. Sp\u00e9cialement formul\u00e9 avec de puissants ingr\u00e9dients compl\u00e9mentaires, soit des vitamines C et E, pour maximiser les r\u00e9sultats, et du squalane, pour amplifier l\u2019hydratation et r\u00e9duire l\u2019irritation et les rougeurs.<\/p>\n<p>&nbsp;<\/p>","protected":false},"excerpt":{"rendered":"<p>Un complexe de r\u00e9tinol puissant, mais doux con\u00e7u pour cibler les probl\u00e8mes de peau mod\u00e9r\u00e9s. Notre formule utilise&#8230;<\/p>","protected":false},"featured_media":7458,"comment_status":"open","ping_status":"closed","template":"","meta":[],"product_brand":[],"product_cat":[40,39],"product_tag":[47],"class_list":{"0":"post-7457","1":"product","2":"type-product","3":"status-publish","4":"has-post-thumbnail","6":"product_cat-retinol","7":"product_cat-serums","8":"product_tag-vivier","10":"first","11":"instock","12":"taxable","13":"shipping-taxable","14":"purchasable","15":"product-type-simple"},"jetpack_sharing_enabled":true,"_links":{"self":[{"href":"https:\/\/esthetique-k.com\/en\/wp-json\/wp\/v2\/product\/7457","targetHints":{"allow":["GET"]}}],"collection":[{"href":"https:\/\/esthetique-k.com\/en\/wp-json\/wp\/v2\/product"}],"about":[{"href":"https:\/\/esthetique-k.com\/en\/wp-json\/wp\/v2\/types\/product"}],"replies":[{"embeddable":true,"href":"https:\/\/esthetique-k.com\/en\/wp-json\/wp\/v2\/comments?post=7457"}],"wp:featuredmedia":[{"embeddable":true,"href":"https:\/\/esthetique-k.com\/en\/wp-json\/wp\/v2\/media\/7458"}],"wp:attachment":[{"href":"https:\/\/esthetique-k.com\/en\/wp-json\/wp\/v2\/media?parent=7457"}],"wp:term":[{"taxonomy":"product_brand","embeddable":true,"href":"https:\/\/esthetique-k.com\/en\/wp-json\/wp\/v2\/product_brand?post=7457"},{"taxonomy":"product_cat","embeddable":true,"href":"https:\/\/esthetique-k.com\/en\/wp-json\/wp\/v2\/product_cat?post=7457"},{"taxonomy":"product_tag","embeddable":true,"href":"https:\/\/esthetique-k.com\/en\/wp-json\/wp\/v2\/product_tag?post=7457"}],"curies":[{"name":"wp","href":"https:\/\/api.w.org\/{rel}","templated":true}]}}