{"id":7459,"date":"2024-09-09T23:45:11","date_gmt":"2024-09-09T23:45:11","guid":{"rendered":"https:\/\/esthetique-k.com\/?post_type=product&#038;p=7459"},"modified":"2024-09-11T15:10:04","modified_gmt":"2024-09-11T15:10:04","slug":"vivier-serum-retinol-1-0","status":"publish","type":"product","link":"https:\/\/esthetique-k.com\/en\/product\/vivier-serum-retinol-1-0\/","title":{"rendered":"Vivier Serum Retinol 1.0 %"},"content":{"rendered":"<p>Un complexe de r\u00e9tinol puissant, mais doux con\u00e7u pour cibler les probl\u00e8mes de peau avanc\u00e9s ou obtenir les r\u00e9sultats les plus spectaculaires en un minimum de temps. Notre formule utilise la technologie de pointe Poly-Pore\u00ae*, pour encapsuler notre r\u00e9tinol pur \u00e0 haute puissance et le lib\u00e9rer doucement dans le temps pour r\u00e9duire visiblement l\u2019apparence des rides profondes, am\u00e9liorer le teint et la texture de la peau, et r\u00e9duire les d\u00e9fauts de la peau, sans l&rsquo;irritation et les rougeurs souvent associ\u00e9es aux produits \u00e0 base de r\u00e9tinol. Sp\u00e9cialement formul\u00e9 avec de puissants ingr\u00e9dients compl\u00e9mentaires, soit des vitamines C et E, pour maximiser les r\u00e9sultats, et du squalane, pour amplifier l\u2019hydratation et r\u00e9duire l\u2019irritation et les rougeurs. Id\u00e9al pour les personnes pr\u00e9sentant des signes de vieillissement prononc\u00e9s ou une d\u00e9coloration, qui ont une peau sujette \u00e0 l\u2019acn\u00e9, et comme produit de pr\u00e9paration aux nombreux services professionnels en clinique.<\/p>\n<p>&nbsp;<\/p>","protected":false},"excerpt":{"rendered":"<p>Un complexe de r\u00e9tinol puissant, mais doux con\u00e7u pour cibler les probl\u00e8mes de peau avanc\u00e9s ou obtenir les&#8230;<\/p>","protected":false},"featured_media":7460,"comment_status":"open","ping_status":"closed","template":"","meta":[],"product_brand":[],"product_cat":[40,39],"product_tag":[47],"class_list":{"0":"post-7459","1":"product","2":"type-product","3":"status-publish","4":"has-post-thumbnail","6":"product_cat-retinol","7":"product_cat-serums","8":"product_tag-vivier","10":"first","11":"instock","12":"taxable","13":"shipping-taxable","14":"purchasable","15":"product-type-simple"},"jetpack_sharing_enabled":true,"_links":{"self":[{"href":"https:\/\/esthetique-k.com\/en\/wp-json\/wp\/v2\/product\/7459","targetHints":{"allow":["GET"]}}],"collection":[{"href":"https:\/\/esthetique-k.com\/en\/wp-json\/wp\/v2\/product"}],"about":[{"href":"https:\/\/esthetique-k.com\/en\/wp-json\/wp\/v2\/types\/product"}],"replies":[{"embeddable":true,"href":"https:\/\/esthetique-k.com\/en\/wp-json\/wp\/v2\/comments?post=7459"}],"wp:featuredmedia":[{"embeddable":true,"href":"https:\/\/esthetique-k.com\/en\/wp-json\/wp\/v2\/media\/7460"}],"wp:attachment":[{"href":"https:\/\/esthetique-k.com\/en\/wp-json\/wp\/v2\/media?parent=7459"}],"wp:term":[{"taxonomy":"product_brand","embeddable":true,"href":"https:\/\/esthetique-k.com\/en\/wp-json\/wp\/v2\/product_brand?post=7459"},{"taxonomy":"product_cat","embeddable":true,"href":"https:\/\/esthetique-k.com\/en\/wp-json\/wp\/v2\/product_cat?post=7459"},{"taxonomy":"product_tag","embeddable":true,"href":"https:\/\/esthetique-k.com\/en\/wp-json\/wp\/v2\/product_tag?post=7459"}],"curies":[{"name":"wp","href":"https:\/\/api.w.org\/{rel}","templated":true}]}}