{"id":7461,"date":"2024-09-09T23:50:07","date_gmt":"2024-09-09T23:50:07","guid":{"rendered":"https:\/\/esthetique-k.com\/?post_type=product&#038;p=7461"},"modified":"2024-09-11T14:58:27","modified_gmt":"2024-09-11T14:58:27","slug":"vivier-masque-dargile-ultra-purifiant","status":"publish","type":"product","link":"https:\/\/esthetique-k.com\/en\/product\/vivier-masque-dargile-ultra-purifiant\/","title":{"rendered":"Vivier Masque d&rsquo;argile ultra purifiant"},"content":{"rendered":"<p>Un masque purifiant luxueux \u00e0 base d&rsquo;argile rouge et blanche de Kaolin. Formul\u00e9 avec des AHA pour exfolier les cellules mortes et d\u00e9boucher les pores, de la vitamine E et d&rsquo;autres ingr\u00e9dients hydratants. La peau est ferme, fra\u00eeche et saine<\/p>\n<div class=\"usage-icon-wrapper\"><img decoding=\"async\" class=\"lazyload\" src=\"data:image\/gif;base64,R0lGODlhAQABAAAAACH5BAEKAAEALAAAAAABAAEAAAICTAEAOw==\" data-src=\"https:\/\/cdn.shopify.com\/s\/files\/1\/0048\/0162\/6227\/files\/AttributeIcon_AM1_AM1.png?v=1650303585\" width=\"72\" height=\"72\" data-ly-processed=\"1725925571367\" \/><img decoding=\"async\" class=\"lazyload\" src=\"data:image\/gif;base64,R0lGODlhAQABAAAAACH5BAEKAAEALAAAAAABAAEAAAICTAEAOw==\" data-src=\"https:\/\/cdn.shopify.com\/s\/files\/1\/0048\/0162\/6227\/files\/AttributeIcon_PM1_PM1.png?v=1650303653\" width=\"70\" height=\"70\" data-ly-processed=\"1725925571367\" \/><\/div>\n<div class=\"usage-icon-wrapper\">Nettoyez soigneusement votre visage. Appliquez une couche fine sur le visage et le cou en \u00e9vitant le contour des yeux et des l\u00e8vres. Rincez les exc\u00e8s apr\u00e8s 10 \u00e0 15 minutes \u00e0 l&rsquo;eau ti\u00e8de. L&rsquo;application peut se faire une ou deux fois par semaine. Faites suivre d&rsquo;un tonique, de s\u00e9rums et de produits cibles. Compl\u00e9tez votre routine avec un hydratant et un \u00e9cran solaire si d\u00e9sir\u00e9.<\/div>\n<p>D\u00c9TAILS<\/p>\n<div class=\"usage-details-wrapper\">\n<p>Une r\u00e8gle g\u00e9n\u00e9rale \u00e0 suivre lorsque vous superposez des produits est de les appliquer de la texture la plus fine \u00e0 la plus \u00e9paisse<\/p>\n<p><button class=\"accordion__title accordion-is-open\" data-accordion-trigger=\"description-2\" aria-controls=\"description-2\" aria-haspopup=\"true\" aria-expanded=\"false\">INGR\u00c9DIENTS<\/button><\/p>\n<div id=\"description-2\" class=\"accordion__body\" data-accordion-body=\"\">\n<p>Water\/Eau, Kaolin, Vaccinium Myrtillus Fruit\/Leaf Extract, Magnesium Aluminum Silicate, Propylene Glycol, Glycine Soja (Soybean) Oil, Salicylic Acid, Sodium Polyacrylate, Sugar Cane Extract\/Extrait de Canne \u00e0 Sucre, PPG-2 Myristyl Ether Propionate, Cetearyl Alcohol, C18-C36 Acid Glycol Ester, Parfum\/Fragrance, Polysorbate 60, Citrus Aurantium Dulcis (Orange) Fruit Extract, Citrus Limon (Lemon) Fruit Extract, Propanediol, Allantoin, Di-C12-15 Alkyl Fumarate, Cetyl Alcohol, Hamamelis Virginiana Leaf Water, Caprylyl Glycol, Acer Saccharum (Sugar Maple) Extract, Tetrasodium EDTA, Xanthan Gum, Caprylhydroxamic Acid, Ethylhexylglycerin, Titanium Dioxide, Arnica Montana Flower Extract, Calendula Officinalis Flower Extract, Quartz, Myristic Alcohol, Tocopherols Concentrate &#8211; Mixed\/M\u00e9lange de Concentr\u00e9 de Tocoph\u00e9rols.<\/p>\n<\/div>\n<\/div>\n<p>&nbsp;<\/p>","protected":false},"excerpt":{"rendered":"<p>Un masque purifiant luxueux \u00e0 base d&rsquo;argile rouge et blanche de Kaolin. Formul\u00e9 avec des AHA pour exfolier&#8230;<\/p>","protected":false},"featured_media":7462,"comment_status":"open","ping_status":"closed","template":"","meta":[],"product_brand":[],"product_cat":[42],"product_tag":[47],"class_list":{"0":"post-7461","1":"product","2":"type-product","3":"status-publish","4":"has-post-thumbnail","6":"product_cat-masques","7":"product_tag-vivier","9":"first","10":"instock","11":"taxable","12":"shipping-taxable","13":"purchasable","14":"product-type-simple"},"jetpack_sharing_enabled":true,"_links":{"self":[{"href":"https:\/\/esthetique-k.com\/en\/wp-json\/wp\/v2\/product\/7461","targetHints":{"allow":["GET"]}}],"collection":[{"href":"https:\/\/esthetique-k.com\/en\/wp-json\/wp\/v2\/product"}],"about":[{"href":"https:\/\/esthetique-k.com\/en\/wp-json\/wp\/v2\/types\/product"}],"replies":[{"embeddable":true,"href":"https:\/\/esthetique-k.com\/en\/wp-json\/wp\/v2\/comments?post=7461"}],"wp:featuredmedia":[{"embeddable":true,"href":"https:\/\/esthetique-k.com\/en\/wp-json\/wp\/v2\/media\/7462"}],"wp:attachment":[{"href":"https:\/\/esthetique-k.com\/en\/wp-json\/wp\/v2\/media?parent=7461"}],"wp:term":[{"taxonomy":"product_brand","embeddable":true,"href":"https:\/\/esthetique-k.com\/en\/wp-json\/wp\/v2\/product_brand?post=7461"},{"taxonomy":"product_cat","embeddable":true,"href":"https:\/\/esthetique-k.com\/en\/wp-json\/wp\/v2\/product_cat?post=7461"},{"taxonomy":"product_tag","embeddable":true,"href":"https:\/\/esthetique-k.com\/en\/wp-json\/wp\/v2\/product_tag?post=7461"}],"curies":[{"name":"wp","href":"https:\/\/api.w.org\/{rel}","templated":true}]}}