{"id":7492,"date":"2024-09-12T16:59:05","date_gmt":"2024-09-12T16:59:05","guid":{"rendered":"https:\/\/esthetique-k.com\/?post_type=product&#038;p=7492"},"modified":"2024-09-12T16:59:06","modified_gmt":"2024-09-12T16:59:06","slug":"lactique-serum-15ml","status":"publish","type":"product","link":"https:\/\/esthetique-k.com\/en\/product\/lactique-serum-15ml\/","title":{"rendered":"Biophora serum lactique"},"content":{"rendered":"<div class=\"woocommerce-product-details__short-description\">\n<p>Exfolie, \u00e9claircit et adoucit, en r\u00e9duisant l\u2019apparence du fl\u00e9trissement, l\u2019aspect gras, la texture rugueuse, les petites bosses, les dommages caus\u00e9s par la soleil et la d\u00e9coloration due \u00e0 l\u2019\u00e2ge.<\/p>\n<p><a href=\"https:\/\/biophora.com\/fr\/etiquette-produit\/peau-acneique-peau-grasse\/\" rel=\"tag noopener\" target=\"_blank\">Peau acn\u00e9ique \/ Peau grasse<\/a><span class=\"meta-sep\">,<\/span> <a href=\"https:\/\/biophora.com\/fr\/etiquette-produit\/peau-exposee-aux-elements-peau-normale\/\" rel=\"tag noopener\" target=\"_blank\">Peau expos\u00e9e aux \u00e9l\u00e9ments \/ Peau normale<\/a><span class=\"meta-sep\">,<\/span> <a href=\"https:\/\/biophora.com\/fr\/etiquette-produit\/peau-sensible-peau-seche\/\" rel=\"tag noopener\" target=\"_blank\">Peau sensible \/ Peau s\u00e8che<\/a><\/p>\n<\/div>","protected":false},"excerpt":{"rendered":"<div class=\"woocommerce-product-details__short-description\">\n<p>Exfolie, \u00e9claircit et adoucit, en r\u00e9duisant l\u2019apparence du fl\u00e9trissement, l\u2019aspect gras, la texture rugueuse, les petites bosses, les dommages caus\u00e9s par la soleil et la d\u00e9coloration due \u00e0 l\u2019\u00e2ge.<\/p>\n<\/div>\n<div class=\"product_meta\"><span class=\"posted_in\"><span class=\"meta-label\">Cat\u00e9gorie\u00a0:<\/span> <a href=\"https:\/\/biophora.com\/fr\/categorie-produit\/exfoliants\/\" rel=\"tag\">Exfoliants<\/a><\/span><span class=\"tagged_as\"><span class=\"meta-label\">\u00c9tiquettes\u00a0:<\/span> <a href=\"https:\/\/biophora.com\/fr\/etiquette-produit\/peau-acneique-peau-grasse\/\" rel=\"tag\">Peau acn\u00e9ique \/ Peau grasse<\/a><span class=\"meta-sep\">,<\/span> <a href=\"https:\/\/biophora.com\/fr\/etiquette-produit\/peau-exposee-aux-elements-peau-normale\/\" rel=\"tag\">Peau expos\u00e9e aux \u00e9l\u00e9ments \/ Peau normale<\/a><span class=\"meta-sep\">,<\/span> <a href=\"https:\/\/biophora.com\/fr\/etiquette-produit\/peau-sensible-peau-seche\/\" rel=\"tag\">Peau sensible \/ Peau s\u00e8che<\/a><\/span><\/div>","protected":false},"featured_media":7493,"comment_status":"open","ping_status":"closed","template":"","meta":[],"product_brand":[],"product_cat":[39],"product_tag":[48],"class_list":{"0":"post-7492","1":"product","2":"type-product","3":"status-publish","4":"has-post-thumbnail","6":"product_cat-serums","7":"product_tag-biophora","9":"first","10":"instock","11":"taxable","12":"shipping-taxable","13":"purchasable","14":"product-type-simple"},"jetpack_sharing_enabled":true,"_links":{"self":[{"href":"https:\/\/esthetique-k.com\/en\/wp-json\/wp\/v2\/product\/7492","targetHints":{"allow":["GET"]}}],"collection":[{"href":"https:\/\/esthetique-k.com\/en\/wp-json\/wp\/v2\/product"}],"about":[{"href":"https:\/\/esthetique-k.com\/en\/wp-json\/wp\/v2\/types\/product"}],"replies":[{"embeddable":true,"href":"https:\/\/esthetique-k.com\/en\/wp-json\/wp\/v2\/comments?post=7492"}],"wp:featuredmedia":[{"embeddable":true,"href":"https:\/\/esthetique-k.com\/en\/wp-json\/wp\/v2\/media\/7493"}],"wp:attachment":[{"href":"https:\/\/esthetique-k.com\/en\/wp-json\/wp\/v2\/media?parent=7492"}],"wp:term":[{"taxonomy":"product_brand","embeddable":true,"href":"https:\/\/esthetique-k.com\/en\/wp-json\/wp\/v2\/product_brand?post=7492"},{"taxonomy":"product_cat","embeddable":true,"href":"https:\/\/esthetique-k.com\/en\/wp-json\/wp\/v2\/product_cat?post=7492"},{"taxonomy":"product_tag","embeddable":true,"href":"https:\/\/esthetique-k.com\/en\/wp-json\/wp\/v2\/product_tag?post=7492"}],"curies":[{"name":"wp","href":"https:\/\/api.w.org\/{rel}","templated":true}]}}