{"id":7494,"date":"2024-09-12T17:01:31","date_gmt":"2024-09-12T17:01:31","guid":{"rendered":"https:\/\/esthetique-k.com\/?post_type=product&#038;p=7494"},"modified":"2024-09-12T17:01:31","modified_gmt":"2024-09-12T17:01:31","slug":"biophora-light-hydration","status":"publish","type":"product","link":"https:\/\/esthetique-k.com\/en\/product\/biophora-light-hydration\/","title":{"rendered":"Biophora Light Hydration"},"content":{"rendered":"<div class=\"woocommerce-product-details__short-description\">\n<p>Un s\u00e9rum l\u00e9ger et nourrissant, sans huile, qui est con\u00e7u pour hydrater, raffermir et raffiner l\u2019\u00e9clat du teint. Formul\u00e9 avec les vitamines A, B, D3, E et K et des peptides qui laissent la peau \u00e9clatante sans r\u00e9sidus huileux.<\/p>\n<\/div>\n<div class=\"product_meta\"><span class=\"tagged_as\"><a href=\"https:\/\/biophora.com\/fr\/etiquette-produit\/peau-acneique-peau-grasse\/\" rel=\"tag noopener\" target=\"_blank\">Peau acn\u00e9ique \/ Peau grasse<\/a><span class=\"meta-sep\">,<\/span> <a href=\"https:\/\/biophora.com\/fr\/etiquette-produit\/peau-exposee-aux-elements-peau-normale\/\" rel=\"tag noopener\" target=\"_blank\">Peau expos\u00e9e aux \u00e9l\u00e9ments \/ Peau normale<\/a><span class=\"meta-sep\">,<\/span> <a href=\"https:\/\/biophora.com\/fr\/etiquette-produit\/peau-sensible-peau-seche\/\" rel=\"tag noopener\" target=\"_blank\">Peau sensible \/ Peau s\u00e8che<\/a><\/span><\/div>","protected":false},"excerpt":{"rendered":"<p>Un s\u00e9rum l\u00e9ger et nourrissant, sans huile, qui est con\u00e7u pour hydrater, raffermir et raffiner l\u2019\u00e9clat du teint&#8230;.<\/p>","protected":false},"featured_media":7495,"comment_status":"open","ping_status":"closed","template":"","meta":[],"product_brand":[],"product_cat":[43,39],"product_tag":[],"class_list":{"0":"post-7494","1":"product","2":"type-product","3":"status-publish","4":"has-post-thumbnail","6":"product_cat-hydratants","7":"product_cat-serums","9":"first","10":"instock","11":"taxable","12":"shipping-taxable","13":"purchasable","14":"product-type-simple"},"jetpack_sharing_enabled":true,"_links":{"self":[{"href":"https:\/\/esthetique-k.com\/en\/wp-json\/wp\/v2\/product\/7494","targetHints":{"allow":["GET"]}}],"collection":[{"href":"https:\/\/esthetique-k.com\/en\/wp-json\/wp\/v2\/product"}],"about":[{"href":"https:\/\/esthetique-k.com\/en\/wp-json\/wp\/v2\/types\/product"}],"replies":[{"embeddable":true,"href":"https:\/\/esthetique-k.com\/en\/wp-json\/wp\/v2\/comments?post=7494"}],"wp:featuredmedia":[{"embeddable":true,"href":"https:\/\/esthetique-k.com\/en\/wp-json\/wp\/v2\/media\/7495"}],"wp:attachment":[{"href":"https:\/\/esthetique-k.com\/en\/wp-json\/wp\/v2\/media?parent=7494"}],"wp:term":[{"taxonomy":"product_brand","embeddable":true,"href":"https:\/\/esthetique-k.com\/en\/wp-json\/wp\/v2\/product_brand?post=7494"},{"taxonomy":"product_cat","embeddable":true,"href":"https:\/\/esthetique-k.com\/en\/wp-json\/wp\/v2\/product_cat?post=7494"},{"taxonomy":"product_tag","embeddable":true,"href":"https:\/\/esthetique-k.com\/en\/wp-json\/wp\/v2\/product_tag?post=7494"}],"curies":[{"name":"wp","href":"https:\/\/api.w.org\/{rel}","templated":true}]}}